{"id":7328,"date":"2020-05-16T15:54:50","date_gmt":"2020-05-16T18:54:50","guid":{"rendered":"http:\/\/emalonso.com.ar\/?page_id=7328"},"modified":"2021-03-14T11:41:13","modified_gmt":"2021-03-14T14:41:13","slug":"recursos-humanos","status":"publish","type":"page","link":"https:\/\/emalonso.com.ar\/en\/servicios\/recursos-humanos\/","title":{"rendered":"Human Resources"},"content":{"rendered":"<div class=\"vc_row wpb_row vc_row-fluid\"><div class=\"wpb_column vc_column_container vc_col-sm-3 vc_hidden-xs\"><div class=\"vc_column-inner vc_custom_1589741700052\"><div class=\"wpb_wrapper\">\n\t<div class=\"wpb_text_column wpb_content_element\" >\n\t\t<div class=\"wpb_wrapper\">\n\t\t\t<p><a href=\"http:\/\/emalonso.com.ar\/en\/servicios\/contabilidadyauditoria\/\">Accounting and Auditing<\/a><\/p>\n<p><a href=\"https:\/\/emalonso.com.ar\/en\/servicios\/dataentry\/\">Data Entry<\/a><\/p>\n<p><a href=\"https:\/\/emalonso.com.ar\/en\/servicios\/administrativo\/\">Administrative Work<\/a><\/p>\n<p><a href=\"https:\/\/emalonso.com.ar\/en\/servicios\/impuestos\/\">Taxes<\/a><\/p>\n<p><a href=\"https:\/\/emalonso.com.ar\/en\/servicios\/recursos-humanos\/\">Human Resources<\/a><\/p>\n\n\t\t<\/div>\n\t<\/div>\n<\/div><\/div><\/div><div class=\"wpb_column vc_column_container vc_col-sm-9 vc_hidden-xs\"><div class=\"vc_column-inner vc_custom_1589741707818\"><div class=\"wpb_wrapper\">\n\t<div class=\"wpb_text_column wpb_content_element\" >\n\t\t<div class=\"wpb_wrapper\">\n\t\t\t<h3 id=\"contabilidad\"><strong><u>HUMAN RESOURCES<\/u><\/strong><\/h3>\n<p class=\"p1\"><strong><span style=\"color: #808080;\">We provide support to the human resources area of \u200b\u200borganizations in all tasks that require operational availability, guaranteeing our quality of service and personalized attention.<\/span><\/strong><\/p>\n<p class=\"p1\"><strong><span style=\"color: #808080;\">- Calculation of salaries and wages.<\/span><\/strong><\/p>\n<p class=\"p1\"><strong><span style=\"color: #808080;\">- Experience in a variety of collective agreements and labor regimes (LCT \/ Agrarian Work \/ Private Houses, CCT: commerce-UOM-cinemas-cargo transportation-health-oil-pastry chefs among others).<\/span><\/strong><\/p>\n<p class=\"p1\"><strong><span style=\"color: #808080;\">- Preparation of social charges and generation of union receipts.<\/span><\/strong><\/p>\n<p class=\"p1\"><strong><span style=\"color: #808080;\">- Calculation of income tax, 4th category.<\/span><\/strong><\/p>\n<p class=\"p1\"><strong><span style=\"color: #808080;\">- Advice on how to fill in the SIRADIG EMPLEADO form.<\/span><\/strong><\/p>\n<p class=\"p1\"><strong><span style=\"color: #808080;\">- Support and guidance on signing of loose-leaf pages and digital salary books from different jurisdictions.<\/span><\/strong><\/p>\n<p class=\"p1\"><strong><span style=\"color: #808080;\">- Issuing of report lists, according to specific requirements.<\/span><\/strong><\/p>\n<p class=\"p1\"><strong><span style=\"color: #808080;\">- Advice on preparation and updating of files according to current legislation.<\/span><\/strong><\/p>\n<p class=\"p1\"><strong><span style=\"color: #808080;\">- Registration procedures: labor risk insurance, health insurance, unions, life insurance.<\/span><\/strong><\/p>\n<p class=\"p1\"><strong><span style=\"color: #808080;\">- Deregistration procedures: Telegram models, health insurance, life insurance, unions, labor risk insurance.<\/span><\/strong><\/p>\n<p class=\"p1\"><strong><span style=\"color: #808080;\">- Analytical control \/ supervision of outsourced settlements.<\/span><\/strong><\/p>\n<p class=\"p1\"><strong><span style=\"color: #808080;\">- Preparation of reports on current pension news.<\/span><\/strong><\/p>\n<p class=\"p1\"><strong><span style=\"color: #808080;\">- Support with labor requirements and inspections.<\/span><\/strong><\/p>\n\n\t\t<\/div>\n\t<\/div>\n<\/div><\/div><\/div><\/div><div class=\"vc_row wpb_row vc_row-fluid\"><div class=\"wpb_column vc_column_container vc_col-sm-3 vc_hidden-lg vc_hidden-md vc_hidden-sm\"><div class=\"vc_column-inner vc_custom_1589741721304\"><div class=\"wpb_wrapper\">\n\t<div class=\"wpb_text_column wpb_content_element\" >\n\t\t<div class=\"wpb_wrapper\">\n\t\t\t<p><a href=\"https:\/\/emalonso.com.ar\/en\/servicios\/contabilidadyauditoria\/\">Accounting and Auditing<\/a><\/p>\n<p><a href=\"https:\/\/emalonso.com.ar\/en\/servicios\/dataentry\/\">Data Entry<\/a><\/p>\n<p><a href=\"http:\/\/emalonso.com.ar\/en\/servicios\/administrativo\/\">Administrative Work<\/a><\/p>\n<p><a href=\"https:\/\/emalonso.com.ar\/en\/servicios\/impuestos\/\">Taxes<\/a><\/p>\n<p><a href=\"https:\/\/emalonso.com.ar\/en\/servicios\/recursos-humanos\/\">Human Resources<\/a><\/p>\n\n\t\t<\/div>\n\t<\/div>\n<\/div><\/div><\/div><div class=\"wpb_column vc_column_container vc_col-sm-9 vc_hidden-lg vc_hidden-md vc_hidden-sm\"><div class=\"vc_column-inner\"><div class=\"wpb_wrapper\">\n\t<div class=\"wpb_text_column wpb_content_element\" >\n\t\t<div class=\"wpb_wrapper\">\n\t\t\t<h3 id=\"contabilidad\"><strong><u>HUMAN RESOURCES<\/u><\/strong><\/h3>\n<p class=\"p1\"><strong><span style=\"color: #808080;\">We provide support to the human resources area of \u200b\u200borganizations in all tasks that require operational availability, guaranteeing our quality of service and personalized attention.<\/span><\/strong><\/p>\n<p class=\"p1\"><strong><span style=\"color: #808080;\">- Calculation of salaries and wages.<\/span><\/strong><\/p>\n<p class=\"p1\"><strong><span style=\"color: #808080;\">- Experience in a variety of collective agreements and labor regimes (LCT \/ Agrarian Work \/ Private Houses, CCT: commerce-UOM-cinemas-cargo transportation-health-oil-pastry chefs among others).<\/span><\/strong><\/p>\n<p class=\"p1\"><strong><span style=\"color: #808080;\">- Preparation of social charges and generation of union receipts.<\/span><\/strong><\/p>\n<p class=\"p1\"><strong><span style=\"color: #808080;\">- Calculation of income tax, 4th category.<\/span><\/strong><\/p>\n<p class=\"p1\"><strong><span style=\"color: #808080;\">- Advice on how to fill in the SIRADIG EMPLEADO form.<\/span><\/strong><\/p>\n<p class=\"p1\"><strong><span style=\"color: #808080;\">- Support and guidance on signing of loose-leaf pages and digital salary books from different jurisdictions.<\/span><\/strong><\/p>\n<p class=\"p1\"><strong><span style=\"color: #808080;\">- Issuing of report lists, according to specific requirements.<\/span><\/strong><\/p>\n<p class=\"p1\"><strong><span style=\"color: #808080;\">- Advice on preparation and updating of files according to current legislation.<\/span><\/strong><\/p>\n<p class=\"p1\"><strong><span style=\"color: #808080;\">- Registration procedures: labor risk insurance, health insurance, unions, life insurance.<\/span><\/strong><\/p>\n<p class=\"p1\"><strong><span style=\"color: #808080;\">- Deregistration procedures: Telegram models, health insurance, life insurance, unions, labor risk insurance.<\/span><\/strong><\/p>\n<p class=\"p1\"><strong><span style=\"color: #808080;\">- Analytical control \/ supervision of outsourced settlements.<\/span><\/strong><\/p>\n<p class=\"p1\"><strong><span style=\"color: #808080;\">- Preparation of reports on current pension news.<\/span><\/strong><\/p>\n<p class=\"p1\"><strong><span style=\"color: #808080;\">- Support with labor requirements and inspections.<\/span><\/strong><\/p>\n\n\t\t<\/div>\n\t<\/div>\n<\/div><\/div><\/div><\/div>","protected":false},"excerpt":{"rendered":"Contabilidad y Auditor\u00eda Data Entry Administrativo Impuestos Recursos Humanos RECURSOS HUMANOS Brindamos soporte \u00a0al \u00e1rea de Recursos Humanos de las organizaciones en todas aquellas tareas que requieran de disponibilidad operativa, garantizando nuestra calidad de servicio y atenci\u00f3n personalizada. -Liquidaci\u00f3n de sueldos y jornales. -Experiencia en variedad de convenios colectivos y reg\u00edmenes laborales (LCT \/ Trabajo [...]","protected":false},"author":2,"featured_media":7710,"parent":6295,"menu_order":0,"comment_status":"closed","ping_status":"closed","template":"","meta":{"footnotes":""},"yoast_head":"<!-- This site is optimized with the Yoast SEO plugin v22.6 - https:\/\/yoast.com\/wordpress\/plugins\/seo\/ -->\n<title>\u226bRecursos Humanos<\/title>\n<meta name=\"robots\" content=\"index, follow, max-snippet:-1, max-image-preview:large, max-video-preview:-1\" \/>\n<link rel=\"canonical\" href=\"https:\/\/emalonso.com.ar\/en\/servicios\/recursos-humanos\/\" \/>\n<meta property=\"og:locale\" content=\"en_GB\" \/>\n<meta property=\"og:type\" content=\"article\" \/>\n<meta property=\"og:title\" content=\"\u226bRecursos Humanos\" \/>\n<meta property=\"og:url\" content=\"https:\/\/emalonso.com.ar\/en\/servicios\/recursos-humanos\/\" \/>\n<meta property=\"og:site_name\" content=\"Estudio Miguel Alonso\" \/>\n<meta property=\"article:modified_time\" content=\"2021-03-14T14:41:13+00:00\" \/>\n<meta property=\"og:image\" content=\"https:\/\/emalonso.com.ar\/wp-content\/uploads\/2021\/01\/Captura-de-Pantalla-2021-01-13-a-las-14.59.05.png\" \/>\n\t<meta property=\"og:image:width\" content=\"272\" \/>\n\t<meta property=\"og:image:height\" content=\"278\" \/>\n\t<meta property=\"og:image:type\" content=\"image\/png\" \/>\n<meta name=\"twitter:card\" content=\"summary_large_image\" \/>\n<meta name=\"twitter:label1\" content=\"Estimated reading time\" \/>\n\t<meta name=\"twitter:data1\" content=\"2 minutes\" \/>\n<script type=\"application\/ld+json\" class=\"yoast-schema-graph\">{\"@context\":\"https:\/\/schema.org\",\"@graph\":[{\"@type\":\"WebPage\",\"@id\":\"https:\/\/emalonso.com.ar\/servicios\/recursos-humanos\/\",\"url\":\"https:\/\/emalonso.com.ar\/servicios\/recursos-humanos\/\",\"name\":\"\u226bRecursos Humanos\",\"isPartOf\":{\"@id\":\"https:\/\/emalonso.com.ar\/#website\"},\"primaryImageOfPage\":{\"@id\":\"https:\/\/emalonso.com.ar\/servicios\/recursos-humanos\/#primaryimage\"},\"image\":{\"@id\":\"https:\/\/emalonso.com.ar\/servicios\/recursos-humanos\/#primaryimage\"},\"thumbnailUrl\":\"https:\/\/emalonso.com.ar\/wp-content\/uploads\/2021\/01\/Captura-de-Pantalla-2021-01-13-a-las-14.59.05.png\",\"datePublished\":\"2020-05-16T18:54:50+00:00\",\"dateModified\":\"2021-03-14T14:41:13+00:00\",\"breadcrumb\":{\"@id\":\"https:\/\/emalonso.com.ar\/servicios\/recursos-humanos\/#breadcrumb\"},\"inLanguage\":\"en-GB\",\"potentialAction\":[{\"@type\":\"ReadAction\",\"target\":[\"https:\/\/emalonso.com.ar\/servicios\/recursos-humanos\/\"]}]},{\"@type\":\"ImageObject\",\"inLanguage\":\"en-GB\",\"@id\":\"https:\/\/emalonso.com.ar\/servicios\/recursos-humanos\/#primaryimage\",\"url\":\"https:\/\/emalonso.com.ar\/wp-content\/uploads\/2021\/01\/Captura-de-Pantalla-2021-01-13-a-las-14.59.05.png\",\"contentUrl\":\"https:\/\/emalonso.com.ar\/wp-content\/uploads\/2021\/01\/Captura-de-Pantalla-2021-01-13-a-las-14.59.05.png\",\"width\":272,\"height\":278,\"caption\":\"Estudio Contable Buenos Aires\"},{\"@type\":\"BreadcrumbList\",\"@id\":\"https:\/\/emalonso.com.ar\/servicios\/recursos-humanos\/#breadcrumb\",\"itemListElement\":[{\"@type\":\"ListItem\",\"position\":1,\"name\":\"Portada\",\"item\":\"https:\/\/emalonso.com.ar\/\"},{\"@type\":\"ListItem\",\"position\":2,\"name\":\"Servicios\",\"item\":\"https:\/\/emalonso.com.ar\/servicios\/\"},{\"@type\":\"ListItem\",\"position\":3,\"name\":\"Recursos Humanos\"}]},{\"@type\":\"WebSite\",\"@id\":\"https:\/\/emalonso.com.ar\/#website\",\"url\":\"https:\/\/emalonso.com.ar\/\",\"name\":\"Estudio Miguel Alonso\",\"description\":\"Estudio Contable e Impositivo\",\"publisher\":{\"@id\":\"https:\/\/emalonso.com.ar\/#organization\"},\"potentialAction\":[{\"@type\":\"SearchAction\",\"target\":{\"@type\":\"EntryPoint\",\"urlTemplate\":\"https:\/\/emalonso.com.ar\/?s={search_term_string}\"},\"query-input\":\"required name=search_term_string\"}],\"inLanguage\":\"en-GB\"},{\"@type\":\"Organization\",\"@id\":\"https:\/\/emalonso.com.ar\/#organization\",\"name\":\"Estudio Contable Alonso y Asociados\",\"url\":\"https:\/\/emalonso.com.ar\/\",\"logo\":{\"@type\":\"ImageObject\",\"inLanguage\":\"en-GB\",\"@id\":\"https:\/\/emalonso.com.ar\/#\/schema\/logo\/image\/\",\"url\":\"https:\/\/emalonso.com.ar\/wp-content\/uploads\/2020\/05\/Disen\u0303o-sin-ti\u0301tulo-56.png\",\"contentUrl\":\"https:\/\/emalonso.com.ar\/wp-content\/uploads\/2020\/05\/Disen\u0303o-sin-ti\u0301tulo-56.png\",\"width\":500,\"height\":500,\"caption\":\"Estudio Contable Alonso y Asociados\"},\"image\":{\"@id\":\"https:\/\/emalonso.com.ar\/#\/schema\/logo\/image\/\"}}]}<\/script>\n<!-- \/ Yoast SEO plugin. -->","yoast_head_json":{"title":"\u226bRecursos Humanos","robots":{"index":"index","follow":"follow","max-snippet":"max-snippet:-1","max-image-preview":"max-image-preview:large","max-video-preview":"max-video-preview:-1"},"canonical":"https:\/\/emalonso.com.ar\/en\/servicios\/recursos-humanos\/","og_locale":"en_GB","og_type":"article","og_title":"\u226bRecursos Humanos","og_url":"https:\/\/emalonso.com.ar\/en\/servicios\/recursos-humanos\/","og_site_name":"Estudio Miguel Alonso","article_modified_time":"2021-03-14T14:41:13+00:00","og_image":[{"width":272,"height":278,"url":"https:\/\/emalonso.com.ar\/wp-content\/uploads\/2021\/01\/Captura-de-Pantalla-2021-01-13-a-las-14.59.05.png","type":"image\/png"}],"twitter_card":"summary_large_image","twitter_misc":{"Estimated reading time":"2 minutes"},"schema":{"@context":"https:\/\/schema.org","@graph":[{"@type":"WebPage","@id":"https:\/\/emalonso.com.ar\/servicios\/recursos-humanos\/","url":"https:\/\/emalonso.com.ar\/servicios\/recursos-humanos\/","name":"\u226bRecursos Humanos","isPartOf":{"@id":"https:\/\/emalonso.com.ar\/#website"},"primaryImageOfPage":{"@id":"https:\/\/emalonso.com.ar\/servicios\/recursos-humanos\/#primaryimage"},"image":{"@id":"https:\/\/emalonso.com.ar\/servicios\/recursos-humanos\/#primaryimage"},"thumbnailUrl":"https:\/\/emalonso.com.ar\/wp-content\/uploads\/2021\/01\/Captura-de-Pantalla-2021-01-13-a-las-14.59.05.png","datePublished":"2020-05-16T18:54:50+00:00","dateModified":"2021-03-14T14:41:13+00:00","breadcrumb":{"@id":"https:\/\/emalonso.com.ar\/servicios\/recursos-humanos\/#breadcrumb"},"inLanguage":"en-GB","potentialAction":[{"@type":"ReadAction","target":["https:\/\/emalonso.com.ar\/servicios\/recursos-humanos\/"]}]},{"@type":"ImageObject","inLanguage":"en-GB","@id":"https:\/\/emalonso.com.ar\/servicios\/recursos-humanos\/#primaryimage","url":"https:\/\/emalonso.com.ar\/wp-content\/uploads\/2021\/01\/Captura-de-Pantalla-2021-01-13-a-las-14.59.05.png","contentUrl":"https:\/\/emalonso.com.ar\/wp-content\/uploads\/2021\/01\/Captura-de-Pantalla-2021-01-13-a-las-14.59.05.png","width":272,"height":278,"caption":"Estudio Contable Buenos Aires"},{"@type":"BreadcrumbList","@id":"https:\/\/emalonso.com.ar\/servicios\/recursos-humanos\/#breadcrumb","itemListElement":[{"@type":"ListItem","position":1,"name":"Portada","item":"https:\/\/emalonso.com.ar\/"},{"@type":"ListItem","position":2,"name":"Servicios","item":"https:\/\/emalonso.com.ar\/servicios\/"},{"@type":"ListItem","position":3,"name":"Recursos Humanos"}]},{"@type":"WebSite","@id":"https:\/\/emalonso.com.ar\/#website","url":"https:\/\/emalonso.com.ar\/","name":"Estudio Miguel Alonso","description":"Accounting and Tax Firm","publisher":{"@id":"https:\/\/emalonso.com.ar\/#organization"},"potentialAction":[{"@type":"SearchAction","target":{"@type":"EntryPoint","urlTemplate":"https:\/\/emalonso.com.ar\/?s={search_term_string}"},"query-input":"required name=search_term_string"}],"inLanguage":"en-GB"},{"@type":"Organization","@id":"https:\/\/emalonso.com.ar\/#organization","name":"Estudio Contable Alonso y Asociados","url":"https:\/\/emalonso.com.ar\/","logo":{"@type":"ImageObject","inLanguage":"en-GB","@id":"https:\/\/emalonso.com.ar\/#\/schema\/logo\/image\/","url":"https:\/\/emalonso.com.ar\/wp-content\/uploads\/2020\/05\/Disen\u0303o-sin-ti\u0301tulo-56.png","contentUrl":"https:\/\/emalonso.com.ar\/wp-content\/uploads\/2020\/05\/Disen\u0303o-sin-ti\u0301tulo-56.png","width":500,"height":500,"caption":"Estudio Contable Alonso y Asociados"},"image":{"@id":"https:\/\/emalonso.com.ar\/#\/schema\/logo\/image\/"}}]}},"_links":{"self":[{"href":"https:\/\/emalonso.com.ar\/en\/wp-json\/wp\/v2\/pages\/7328"}],"collection":[{"href":"https:\/\/emalonso.com.ar\/en\/wp-json\/wp\/v2\/pages"}],"about":[{"href":"https:\/\/emalonso.com.ar\/en\/wp-json\/wp\/v2\/types\/page"}],"author":[{"embeddable":true,"href":"https:\/\/emalonso.com.ar\/en\/wp-json\/wp\/v2\/users\/2"}],"replies":[{"embeddable":true,"href":"https:\/\/emalonso.com.ar\/en\/wp-json\/wp\/v2\/comments?post=7328"}],"version-history":[{"count":2,"href":"https:\/\/emalonso.com.ar\/en\/wp-json\/wp\/v2\/pages\/7328\/revisions"}],"predecessor-version":[{"id":7518,"href":"https:\/\/emalonso.com.ar\/en\/wp-json\/wp\/v2\/pages\/7328\/revisions\/7518"}],"up":[{"embeddable":true,"href":"https:\/\/emalonso.com.ar\/en\/wp-json\/wp\/v2\/pages\/6295"}],"wp:featuredmedia":[{"embeddable":true,"href":"https:\/\/emalonso.com.ar\/en\/wp-json\/wp\/v2\/media\/7710"}],"wp:attachment":[{"href":"https:\/\/emalonso.com.ar\/en\/wp-json\/wp\/v2\/media?parent=7328"}],"curies":[{"name":"wp","href":"https:\/\/api.w.org\/{rel}","templated":true}]}}