{"id":7232,"date":"2020-05-12T12:22:24","date_gmt":"2020-05-12T15:22:24","guid":{"rendered":"http:\/\/sd-2037929-h00013.ferozo.net\/?page_id=7232"},"modified":"2021-03-14T11:41:00","modified_gmt":"2021-03-14T14:41:00","slug":"impuestos","status":"publish","type":"page","link":"https:\/\/emalonso.com.ar\/en\/servicios\/impuestos\/","title":{"rendered":"Taxes"},"content":{"rendered":"<div class=\"vc_row wpb_row vc_row-fluid\"><div class=\"wpb_column vc_column_container vc_col-sm-3 vc_hidden-xs\"><div class=\"vc_column-inner vc_custom_1589741629436\"><div class=\"wpb_wrapper\">\n\t<div class=\"wpb_text_column wpb_content_element\" >\n\t\t<div class=\"wpb_wrapper\">\n\t\t\t<p><a href=\"https:\/\/emalonso.com.ar\/en\/servicios\/contabilidadyauditoria\/\">Accounting and Auditing<\/a><\/p>\n<p><a href=\"https:\/\/emalonso.com.ar\/en\/servicios\/dataentry\/\">Data Entry<\/a><\/p>\n<p><a href=\"https:\/\/emalonso.com.ar\/en\/servicios\/administrativo\/\">Administrative Work<\/a><\/p>\n<p><a href=\"http:\/\/emalonso.com.ar\/en\/servicios\/impuestos\/\">Taxes<\/a><\/p>\n<p><a href=\"https:\/\/emalonso.com.ar\/en\/servicios\/recursos-humanos\/\">Human Resources<\/a><\/p>\n\n\t\t<\/div>\n\t<\/div>\n<\/div><\/div><\/div><div class=\"wpb_column vc_column_container vc_col-sm-9 vc_hidden-xs\"><div class=\"vc_column-inner vc_custom_1589741636253\"><div class=\"wpb_wrapper\">\n\t<div class=\"wpb_text_column wpb_content_element\" >\n\t\t<div class=\"wpb_wrapper\">\n\t\t\t<h3 id=\"contabilidad\" style=\"font-weight: 400;\"><strong><u>TAXES<\/u><\/strong><\/h3>\n<p class=\"p1\"><span style=\"color: #808080;\"><strong>We accompany our clients from the beginning of the relationship with the treasury, in order to prevent any risk that could affect tax contingencies. We maintain a professional relationship with the tax authorities in their various jurisdictions, achieving the best tax position.<\/strong><\/span><\/p>\n<p class=\"p1\"><span style=\"color: #808080;\"><strong>We are known for helping to adapt corporate structures, providing advice and solutions to operate with lower tax costs whilst faithfully respecting tax laws.<\/strong><\/span><\/p>\n<p class=\"p1\"><span style=\"color: #808080;\"><strong>Our main objective is to keep organizations permanently updated in the face of tax news.<\/strong><\/span><\/p>\n<p class=\"p1\"><span style=\"color: #808080;\"><strong>- Analysis, planning and preparation of national, provincial and municipal tax affidavits.<\/strong><\/span><\/p>\n<p class=\"p1\"><span style=\"color: #808080;\"><strong>- Assistance and advice in the preparation of tax return and refund applications.<\/strong><\/span><\/p>\n<p class=\"p2\"><span style=\"color: #808080;\"><strong><span class=\"s1\">- Exclusion of withholding \/ collecting tax regimes.<\/span><\/strong><\/span><\/p>\n<p class=\"p1\"><span style=\"color: #808080;\"><strong>- Analysis of international double taxation agreements and their application.<\/strong><\/span><\/p>\n<p class=\"p1\"><span style=\"color: #808080;\"><strong>- Technical assistance in relation to the specific problems caused by taxation.<\/strong><\/span><\/p>\n<p class=\"p1\"><span style=\"color: #808080;\"><strong>- Technical assistance for contingencies of a criminal-tax nature.<\/strong><\/span><\/p>\n<p class=\"p2\"><span style=\"color: #808080;\"><strong><span class=\"s1\">- Advice on international operations.<\/span><\/strong><\/span><\/p>\n<p class=\"p2\"><span style=\"color: #808080;\"><strong><span class=\"s1\">- Presentation of payment plans and moratoriums. Support with inspections.<\/span><\/strong><\/span><\/p>\n<p class=\"p1\"><span style=\"color: #808080;\"><strong>- Local and international tax consulting.<\/strong><\/span><\/p>\n<p class=\"p2\"><span style=\"color: #808080;\"><strong><span class=\"s1\">- Fiscal audits and due diligence.<\/span><\/strong><\/span><\/p>\n<p class=\"p1\"><span style=\"color: #808080;\"><strong>- Transfer pricing evaluations.<\/strong><\/span><\/p>\n<p class=\"p1\"><span style=\"color: #808080;\"><strong>- Solutions to embargoes (tax executions).<\/strong><\/span><\/p>\n<p class=\"p1\"><span style=\"color: #808080;\"><strong>- Transfer pricing evaluations.<\/strong><\/span><\/p>\n<p class=\"p1\"><span style=\"color: #808080;\"><strong>- Special regimes for the application of the reduction or exclusion of down payments, withholdings and application of national, provincial and municipal taxes.<\/strong><\/span><\/p>\n<p class=\"p1\"><span style=\"color: #808080;\"><strong>- Applications for certificates and advice from small and medium sized companies.<\/strong><\/span><\/p>\n<p class=\"p1\"><span style=\"color: #808080;\"><strong>- Evaluation of tailored tax benefits.<\/strong><\/span><\/p>\n\n\t\t<\/div>\n\t<\/div>\n<\/div><\/div><\/div><\/div><div class=\"vc_row wpb_row vc_row-fluid\"><div class=\"wpb_column vc_column_container vc_col-sm-3 vc_hidden-lg vc_hidden-md vc_hidden-sm\"><div class=\"vc_column-inner vc_custom_1589741651461\"><div class=\"wpb_wrapper\">\n\t<div class=\"wpb_text_column wpb_content_element\" >\n\t\t<div class=\"wpb_wrapper\">\n\t\t\t<p><a href=\"http:\/\/emalonso.com.ar\/en\/servicios\/contabilidadyauditoria\/\">Accounting and Auditing<\/a><\/p>\n<p><a href=\"http:\/\/emalonso.com.ar\/en\/servicios\/dataentry\/\">Data Entry<\/a><\/p>\n<p><a href=\"http:\/\/emalonso.com.ar\/en\/servicios\/administrativo\/\">Administrative Work<\/a><\/p>\n<p><a href=\"http:\/\/emalonso.com.ar\/en\/servicios\/impuestos\/\">Taxes<\/a><\/p>\n<p><a href=\"https:\/\/emalonso.com.ar\/en\/servicios\/recursos-humanos\/\">Human Resources<\/a><\/p>\n\n\t\t<\/div>\n\t<\/div>\n<\/div><\/div><\/div><div class=\"wpb_column vc_column_container vc_col-sm-9 vc_hidden-lg vc_hidden-md vc_hidden-sm\"><div class=\"vc_column-inner\"><div class=\"wpb_wrapper\">\n\t<div class=\"wpb_text_column wpb_content_element\" >\n\t\t<div class=\"wpb_wrapper\">\n\t\t\t<h3 id=\"contabilidad\" style=\"font-weight: 400;\"><strong><u>TAXES<\/u><\/strong><\/h3>\n<p class=\"p1\"><span style=\"color: #808080;\"><strong>We accompany our clients from the beginning of the relationship with the treasury, in order to prevent any risk that could affect tax contingencies. We maintain a professional relationship with the tax authorities in their various jurisdictions, achieving the best tax position.<\/strong><\/span><\/p>\n<p class=\"p1\"><span style=\"color: #808080;\"><strong>We are known for helping to adapt corporate structures, providing advice and solutions to operate with lower tax costs whilst faithfully respecting tax laws.<\/strong><\/span><\/p>\n<p class=\"p1\"><span style=\"color: #808080;\"><strong>Our main objective is to keep organizations permanently updated in the face of tax news.<\/strong><\/span><\/p>\n<p class=\"p1\"><span style=\"color: #808080;\"><strong>- Analysis, planning and preparation of national, provincial and municipal tax affidavits.<\/strong><\/span><\/p>\n<p class=\"p1\"><span style=\"color: #808080;\"><strong>- Assistance and advice in the preparation of tax return and refund applications.<\/strong><\/span><\/p>\n<p class=\"p2\"><span style=\"color: #808080;\"><strong><span class=\"s1\">- Exclusion of withholding \/ collecting tax regimes.<\/span><\/strong><\/span><\/p>\n<p class=\"p1\"><span style=\"color: #808080;\"><strong>- Analysis of international double taxation agreements and their application.<\/strong><\/span><\/p>\n<p class=\"p1\"><span style=\"color: #808080;\"><strong>- Technical assistance in relation to the specific problems caused by taxation.<\/strong><\/span><\/p>\n<p class=\"p1\"><span style=\"color: #808080;\"><strong>- Technical assistance for contingencies of a criminal-tax nature.<\/strong><\/span><\/p>\n<p class=\"p2\"><span style=\"color: #808080;\"><strong><span class=\"s1\">- Advice on international operations.<\/span><\/strong><\/span><\/p>\n<p class=\"p2\"><span style=\"color: #808080;\"><strong><span class=\"s1\">- Presentation of payment plans and moratoriums. Support with inspections.<\/span><\/strong><\/span><\/p>\n<p class=\"p1\"><span style=\"color: #808080;\"><strong>- Local and international tax consulting.<\/strong><\/span><\/p>\n<p class=\"p2\"><span style=\"color: #808080;\"><strong><span class=\"s1\">- Fiscal audits and due diligence.<\/span><\/strong><\/span><\/p>\n<p class=\"p1\"><span style=\"color: #808080;\"><strong>- Transfer pricing evaluations.<\/strong><\/span><\/p>\n<p class=\"p1\"><span style=\"color: #808080;\"><strong>- Solutions to embargoes (tax executions).<\/strong><\/span><\/p>\n<p class=\"p1\"><span style=\"color: #808080;\"><strong>- Transfer pricing evaluations.<\/strong><\/span><\/p>\n<p class=\"p1\"><span style=\"color: #808080;\"><strong>- Special regimes for the application of the reduction or exclusion of down payments, withholdings and application of national, provincial and municipal taxes.<\/strong><\/span><\/p>\n<p class=\"p1\"><span style=\"color: #808080;\"><strong>- Applications for certificates and advice from small and medium sized companies.<\/strong><\/span><\/p>\n<p class=\"p1\"><span style=\"color: #808080;\"><strong>- Evaluation of tailored tax benefits.<\/strong><\/span><\/p>\n\n\t\t<\/div>\n\t<\/div>\n<\/div><\/div><\/div><\/div>","protected":false},"excerpt":{"rendered":"Contabilidad y Auditor\u00eda Data Entry Administrativo Impuestos Recursos Humanos IMPUESTOS Acompa\u00f1amos a nuestros clientes desde el inicio de la relaci\u00f3n con el fisco, con el fin de prevenir todos aquellos riesgos que pudieran afectar contingencias impositivas, manteniendo una relaci\u00f3n profesional con las autoridades fiscales en sus diversas jurisdicciones, logrando la mejor posici\u00f3n fiscal. Nos caracterizamos [...]","protected":false},"author":2,"featured_media":7711,"parent":6295,"menu_order":0,"comment_status":"closed","ping_status":"closed","template":"","meta":{"footnotes":""},"yoast_head":"<!-- This site is optimized with the Yoast SEO plugin v22.6 - https:\/\/yoast.com\/wordpress\/plugins\/seo\/ -->\n<title>\u226bImpuestos<\/title>\n<meta name=\"robots\" content=\"index, follow, max-snippet:-1, max-image-preview:large, max-video-preview:-1\" \/>\n<link rel=\"canonical\" href=\"https:\/\/emalonso.com.ar\/en\/servicios\/impuestos\/\" \/>\n<meta property=\"og:locale\" content=\"en_GB\" \/>\n<meta property=\"og:type\" content=\"article\" \/>\n<meta property=\"og:title\" content=\"\u226bImpuestos\" \/>\n<meta property=\"og:url\" content=\"https:\/\/emalonso.com.ar\/en\/servicios\/impuestos\/\" \/>\n<meta property=\"og:site_name\" content=\"Estudio Miguel Alonso\" \/>\n<meta property=\"article:modified_time\" content=\"2021-03-14T14:41:00+00:00\" \/>\n<meta property=\"og:image\" content=\"https:\/\/emalonso.com.ar\/wp-content\/uploads\/2021\/01\/Captura-de-Pantalla-2021-01-13-a-las-14.59.00.png\" \/>\n\t<meta property=\"og:image:width\" content=\"304\" \/>\n\t<meta property=\"og:image:height\" content=\"280\" \/>\n\t<meta property=\"og:image:type\" content=\"image\/png\" \/>\n<meta name=\"twitter:card\" content=\"summary_large_image\" \/>\n<meta name=\"twitter:label1\" content=\"Estimated reading time\" \/>\n\t<meta name=\"twitter:data1\" content=\"3 minutes\" \/>\n<script type=\"application\/ld+json\" class=\"yoast-schema-graph\">{\"@context\":\"https:\/\/schema.org\",\"@graph\":[{\"@type\":\"WebPage\",\"@id\":\"https:\/\/emalonso.com.ar\/servicios\/impuestos\/\",\"url\":\"https:\/\/emalonso.com.ar\/servicios\/impuestos\/\",\"name\":\"\u226bImpuestos\",\"isPartOf\":{\"@id\":\"https:\/\/emalonso.com.ar\/#website\"},\"primaryImageOfPage\":{\"@id\":\"https:\/\/emalonso.com.ar\/servicios\/impuestos\/#primaryimage\"},\"image\":{\"@id\":\"https:\/\/emalonso.com.ar\/servicios\/impuestos\/#primaryimage\"},\"thumbnailUrl\":\"https:\/\/emalonso.com.ar\/wp-content\/uploads\/2021\/01\/Captura-de-Pantalla-2021-01-13-a-las-14.59.00.png\",\"datePublished\":\"2020-05-12T15:22:24+00:00\",\"dateModified\":\"2021-03-14T14:41:00+00:00\",\"breadcrumb\":{\"@id\":\"https:\/\/emalonso.com.ar\/servicios\/impuestos\/#breadcrumb\"},\"inLanguage\":\"en-GB\",\"potentialAction\":[{\"@type\":\"ReadAction\",\"target\":[\"https:\/\/emalonso.com.ar\/servicios\/impuestos\/\"]}]},{\"@type\":\"ImageObject\",\"inLanguage\":\"en-GB\",\"@id\":\"https:\/\/emalonso.com.ar\/servicios\/impuestos\/#primaryimage\",\"url\":\"https:\/\/emalonso.com.ar\/wp-content\/uploads\/2021\/01\/Captura-de-Pantalla-2021-01-13-a-las-14.59.00.png\",\"contentUrl\":\"https:\/\/emalonso.com.ar\/wp-content\/uploads\/2021\/01\/Captura-de-Pantalla-2021-01-13-a-las-14.59.00.png\",\"width\":304,\"height\":280,\"caption\":\"Estudio Contable Buenos Aires\"},{\"@type\":\"BreadcrumbList\",\"@id\":\"https:\/\/emalonso.com.ar\/servicios\/impuestos\/#breadcrumb\",\"itemListElement\":[{\"@type\":\"ListItem\",\"position\":1,\"name\":\"Portada\",\"item\":\"https:\/\/emalonso.com.ar\/\"},{\"@type\":\"ListItem\",\"position\":2,\"name\":\"Servicios\",\"item\":\"https:\/\/emalonso.com.ar\/servicios\/\"},{\"@type\":\"ListItem\",\"position\":3,\"name\":\"Impuestos\"}]},{\"@type\":\"WebSite\",\"@id\":\"https:\/\/emalonso.com.ar\/#website\",\"url\":\"https:\/\/emalonso.com.ar\/\",\"name\":\"Estudio Miguel Alonso\",\"description\":\"Estudio Contable e Impositivo\",\"publisher\":{\"@id\":\"https:\/\/emalonso.com.ar\/#organization\"},\"potentialAction\":[{\"@type\":\"SearchAction\",\"target\":{\"@type\":\"EntryPoint\",\"urlTemplate\":\"https:\/\/emalonso.com.ar\/?s={search_term_string}\"},\"query-input\":\"required name=search_term_string\"}],\"inLanguage\":\"en-GB\"},{\"@type\":\"Organization\",\"@id\":\"https:\/\/emalonso.com.ar\/#organization\",\"name\":\"Estudio Contable Alonso y Asociados\",\"url\":\"https:\/\/emalonso.com.ar\/\",\"logo\":{\"@type\":\"ImageObject\",\"inLanguage\":\"en-GB\",\"@id\":\"https:\/\/emalonso.com.ar\/#\/schema\/logo\/image\/\",\"url\":\"https:\/\/emalonso.com.ar\/wp-content\/uploads\/2020\/05\/Disen\u0303o-sin-ti\u0301tulo-56.png\",\"contentUrl\":\"https:\/\/emalonso.com.ar\/wp-content\/uploads\/2020\/05\/Disen\u0303o-sin-ti\u0301tulo-56.png\",\"width\":500,\"height\":500,\"caption\":\"Estudio Contable Alonso y Asociados\"},\"image\":{\"@id\":\"https:\/\/emalonso.com.ar\/#\/schema\/logo\/image\/\"}}]}<\/script>\n<!-- \/ Yoast SEO plugin. -->","yoast_head_json":{"title":"\u226bImpuestos","robots":{"index":"index","follow":"follow","max-snippet":"max-snippet:-1","max-image-preview":"max-image-preview:large","max-video-preview":"max-video-preview:-1"},"canonical":"https:\/\/emalonso.com.ar\/en\/servicios\/impuestos\/","og_locale":"en_GB","og_type":"article","og_title":"\u226bImpuestos","og_url":"https:\/\/emalonso.com.ar\/en\/servicios\/impuestos\/","og_site_name":"Estudio Miguel Alonso","article_modified_time":"2021-03-14T14:41:00+00:00","og_image":[{"width":304,"height":280,"url":"https:\/\/emalonso.com.ar\/wp-content\/uploads\/2021\/01\/Captura-de-Pantalla-2021-01-13-a-las-14.59.00.png","type":"image\/png"}],"twitter_card":"summary_large_image","twitter_misc":{"Estimated reading time":"3 minutes"},"schema":{"@context":"https:\/\/schema.org","@graph":[{"@type":"WebPage","@id":"https:\/\/emalonso.com.ar\/servicios\/impuestos\/","url":"https:\/\/emalonso.com.ar\/servicios\/impuestos\/","name":"\u226bImpuestos","isPartOf":{"@id":"https:\/\/emalonso.com.ar\/#website"},"primaryImageOfPage":{"@id":"https:\/\/emalonso.com.ar\/servicios\/impuestos\/#primaryimage"},"image":{"@id":"https:\/\/emalonso.com.ar\/servicios\/impuestos\/#primaryimage"},"thumbnailUrl":"https:\/\/emalonso.com.ar\/wp-content\/uploads\/2021\/01\/Captura-de-Pantalla-2021-01-13-a-las-14.59.00.png","datePublished":"2020-05-12T15:22:24+00:00","dateModified":"2021-03-14T14:41:00+00:00","breadcrumb":{"@id":"https:\/\/emalonso.com.ar\/servicios\/impuestos\/#breadcrumb"},"inLanguage":"en-GB","potentialAction":[{"@type":"ReadAction","target":["https:\/\/emalonso.com.ar\/servicios\/impuestos\/"]}]},{"@type":"ImageObject","inLanguage":"en-GB","@id":"https:\/\/emalonso.com.ar\/servicios\/impuestos\/#primaryimage","url":"https:\/\/emalonso.com.ar\/wp-content\/uploads\/2021\/01\/Captura-de-Pantalla-2021-01-13-a-las-14.59.00.png","contentUrl":"https:\/\/emalonso.com.ar\/wp-content\/uploads\/2021\/01\/Captura-de-Pantalla-2021-01-13-a-las-14.59.00.png","width":304,"height":280,"caption":"Estudio Contable Buenos Aires"},{"@type":"BreadcrumbList","@id":"https:\/\/emalonso.com.ar\/servicios\/impuestos\/#breadcrumb","itemListElement":[{"@type":"ListItem","position":1,"name":"Portada","item":"https:\/\/emalonso.com.ar\/"},{"@type":"ListItem","position":2,"name":"Servicios","item":"https:\/\/emalonso.com.ar\/servicios\/"},{"@type":"ListItem","position":3,"name":"Impuestos"}]},{"@type":"WebSite","@id":"https:\/\/emalonso.com.ar\/#website","url":"https:\/\/emalonso.com.ar\/","name":"Estudio Miguel Alonso","description":"Accounting and Tax Firm","publisher":{"@id":"https:\/\/emalonso.com.ar\/#organization"},"potentialAction":[{"@type":"SearchAction","target":{"@type":"EntryPoint","urlTemplate":"https:\/\/emalonso.com.ar\/?s={search_term_string}"},"query-input":"required name=search_term_string"}],"inLanguage":"en-GB"},{"@type":"Organization","@id":"https:\/\/emalonso.com.ar\/#organization","name":"Estudio Contable Alonso y Asociados","url":"https:\/\/emalonso.com.ar\/","logo":{"@type":"ImageObject","inLanguage":"en-GB","@id":"https:\/\/emalonso.com.ar\/#\/schema\/logo\/image\/","url":"https:\/\/emalonso.com.ar\/wp-content\/uploads\/2020\/05\/Disen\u0303o-sin-ti\u0301tulo-56.png","contentUrl":"https:\/\/emalonso.com.ar\/wp-content\/uploads\/2020\/05\/Disen\u0303o-sin-ti\u0301tulo-56.png","width":500,"height":500,"caption":"Estudio Contable Alonso y Asociados"},"image":{"@id":"https:\/\/emalonso.com.ar\/#\/schema\/logo\/image\/"}}]}},"_links":{"self":[{"href":"https:\/\/emalonso.com.ar\/en\/wp-json\/wp\/v2\/pages\/7232"}],"collection":[{"href":"https:\/\/emalonso.com.ar\/en\/wp-json\/wp\/v2\/pages"}],"about":[{"href":"https:\/\/emalonso.com.ar\/en\/wp-json\/wp\/v2\/types\/page"}],"author":[{"embeddable":true,"href":"https:\/\/emalonso.com.ar\/en\/wp-json\/wp\/v2\/users\/2"}],"replies":[{"embeddable":true,"href":"https:\/\/emalonso.com.ar\/en\/wp-json\/wp\/v2\/comments?post=7232"}],"version-history":[{"count":4,"href":"https:\/\/emalonso.com.ar\/en\/wp-json\/wp\/v2\/pages\/7232\/revisions"}],"predecessor-version":[{"id":7519,"href":"https:\/\/emalonso.com.ar\/en\/wp-json\/wp\/v2\/pages\/7232\/revisions\/7519"}],"up":[{"embeddable":true,"href":"https:\/\/emalonso.com.ar\/en\/wp-json\/wp\/v2\/pages\/6295"}],"wp:featuredmedia":[{"embeddable":true,"href":"https:\/\/emalonso.com.ar\/en\/wp-json\/wp\/v2\/media\/7711"}],"wp:attachment":[{"href":"https:\/\/emalonso.com.ar\/en\/wp-json\/wp\/v2\/media?parent=7232"}],"curies":[{"name":"wp","href":"https:\/\/api.w.org\/{rel}","templated":true}]}}