{"id":7222,"date":"2020-05-12T12:11:23","date_gmt":"2020-05-12T15:11:23","guid":{"rendered":"http:\/\/sd-2037929-h00013.ferozo.net\/?page_id=7222"},"modified":"2021-03-14T11:40:11","modified_gmt":"2021-03-14T14:40:11","slug":"contabilidadyauditoria","status":"publish","type":"page","link":"https:\/\/emalonso.com.ar\/en\/servicios\/contabilidadyauditoria\/","title":{"rendered":"Accounting and Auditing"},"content":{"rendered":"<div class=\"vc_row wpb_row vc_row-fluid\"><div class=\"wpb_column vc_column_container vc_col-sm-3 vc_hidden-xs\"><div class=\"vc_column-inner vc_custom_1589741088651\"><div class=\"wpb_wrapper\">\n\t<div class=\"wpb_text_column wpb_content_element\" >\n\t\t<div class=\"wpb_wrapper\">\n\t\t\t<p><a href=\"http:\/\/emalonso.com.ar\/en\/servicios\/contabilidadyauditoria\/\">Accounting and Auditing<\/a><\/p>\n<p><a href=\"http:\/\/emalonso.com.ar\/en\/servicios\/dataentry\/\">Data Entry<\/a><\/p>\n<p><a href=\"http:\/\/emalonso.com.ar\/en\/servicios\/administrativo\/\">Administrative Work<\/a><\/p>\n<p><a href=\"http:\/\/emalonso.com.ar\/en\/servicios\/impuestos\/\">Taxes<\/a><\/p>\n<p><a href=\"https:\/\/emalonso.com.ar\/en\/servicios\/recursos-humanos\/\">Human Resources<\/a><\/p>\n\n\t\t<\/div>\n\t<\/div>\n<\/div><\/div><\/div><div class=\"wpb_column vc_column_container vc_col-sm-9 vc_hidden-xs\"><div class=\"vc_column-inner vc_custom_1589741078724\"><div class=\"wpb_wrapper\">\n\t<div class=\"wpb_text_column wpb_content_element\" >\n\t\t<div class=\"wpb_wrapper\">\n\t\t\t<h3 class=\"wp-block-heading\" id=\"contabilidad\"><strong><u>ACCOUNTING AND AUDITING<\/u><\/strong><\/h3>\n<p class=\"p1\"><span style=\"color: #808080;\"><strong>Our independence and ability to evaluate the integrity of our clients and their status as a going concern allows us to give an opinion about the reasonableness of their equity, economic and financial situation.<\/strong><\/span><\/p>\n<p class=\"p1\"><span style=\"color: #808080;\"><strong>- Analytical revision of\naccounting account<\/strong><\/span><\/p>\n<p class=\"p1\"><span style=\"color: #808080;\"><strong>-Sugerencias de procedimientos de control interno para preservar la confiabilidad de la informaci\u00f3n contable.<\/strong><\/span><\/p>\n<p class=\"p1\"><span style=\"color: #808080;\"><strong>- Compliance testing of\ninternal control.<\/strong><\/span><\/p>\n<p class=\"p1\"><span style=\"color: #808080;\"><strong>- Evaluation of the assets,\neconomic and financial\nsituation.<\/strong><\/span><\/p>\n<p class=\"p1\"><span style=\"color: #808080;\"><strong>- Comparative analysis of the\ncapital variations.<\/strong><\/span><\/p>\n<p class=\"p1\"><span style=\"color: #808080;\"><strong>- Analysis of financial and\neconomic impacts.<\/strong><\/span><\/p>\n<p class=\"p1\"><span style=\"color: #808080;\"><strong>- Analysis of financial\nstatements.<\/strong><\/span><\/p>\n<p class=\"p1\"><span style=\"color: #808080;\"><strong>-Elaboraci\u00f3n de balance de saldos y reportes mensuales.<\/strong><\/span><\/p>\n<p class=\"p1\"><span style=\"color: #808080;\"><strong>-Presentaci\u00f3n de Estados Contables ante la I.G.J.<\/strong><\/span><\/p>\n<p class=\"p1\"><span style=\"color: #808080;\"><strong>-Confecci\u00f3n y Armado de Estados Contables.<\/strong><\/span><\/p>\n<p>&nbsp;<\/p>\n<p class=\"p1\"><span style=\"color: #000000;\"><strong>We specialize in:<\/strong><\/span><\/p>\n<p class=\"p1\"><span style=\"color: #808080;\"><strong>-Auditing of financial statements \nof national and transnational companies.<\/strong><\/span><\/p>\n<p class=\"p1\"><span style=\"color: #808080;\"><strong>-Auditing of consolidated financial    \u2028         statements.<\/strong><\/span><\/p>\n<p class=\"p1\"><span style=\"color: #808080;\"><strong>-Operational and management auditing.<\/strong><\/span><\/p>\n<p class=\"p1\"><span style=\"color: #808080;\"><strong>-Internal auditing.<\/strong><\/span><\/p>\n<p class=\"p1\"><span style=\"color: #808080;\"><strong>-Auditing with application of local        \u2028       and international accounting standards.<\/strong><\/span><\/p>\n<p><span style=\"color: #808080;\"><strong><!-- \/wp:paragraph --><\/strong><\/span><\/p>\n<p>&nbsp;<\/p>\n\n\t\t<\/div>\n\t<\/div>\n<\/div><\/div><\/div><\/div><div class=\"vc_row wpb_row vc_row-fluid\"><div class=\"wpb_column vc_column_container vc_col-sm-3 vc_hidden-lg vc_hidden-md vc_hidden-sm\"><div class=\"vc_column-inner vc_custom_1589741491380\"><div class=\"wpb_wrapper\">\n\t<div class=\"wpb_text_column wpb_content_element\" >\n\t\t<div class=\"wpb_wrapper\">\n\t\t\t<p><a href=\"https:\/\/emalonso.com.ar\/en\/servicios\/contabilidadyauditoria\/\">Accounting and Auditing<\/a><\/p>\n<p><a href=\"https:\/\/emalonso.com.ar\/en\/servicios\/dataentry\/\">Data Entry<\/a><\/p>\n<p><a href=\"https:\/\/emalonso.com.ar\/en\/servicios\/administrativo\/\">Administrative Work<\/a><\/p>\n<p><a href=\"http:\/\/emalonso.com.ar\/en\/servicios\/impuestos\/\">Taxes<\/a><\/p>\n<p><a href=\"https:\/\/emalonso.com.ar\/en\/servicios\/recursos-humanos\/\">Human Resources<\/a><\/p>\n\n\t\t<\/div>\n\t<\/div>\n<\/div><\/div><\/div><div class=\"wpb_column vc_column_container vc_col-sm-9 vc_hidden-lg vc_hidden-md vc_hidden-sm\"><div class=\"vc_column-inner\"><div class=\"wpb_wrapper\">\n\t<div class=\"wpb_text_column wpb_content_element\" >\n\t\t<div class=\"wpb_wrapper\">\n\t\t\t<p><!-- wp:heading {\"level\":3} --><\/p>\n<h3 id=\"contabilidad\"><strong><u>ACCOUNTING AND AUDITING<\/u><\/strong><\/h3>\n<p><!-- \/wp:heading --><\/p>\n<p class=\"p1\"><span style=\"color: #808080;\"><strong>Our independence and ability to evaluate the integrity of our clients and their status as a going concern allows us to give an opinion about the reasonableness of their equity, economic and financial situation.<\/strong><\/span><\/p>\n<p class=\"p1\"><span style=\"color: #808080;\"><strong>- Analytical revision of\naccounting account<\/strong><\/span><\/p>\n<p class=\"p1\"><span style=\"color: #808080;\"><strong>-Sugerencias de procedimientos de control interno para preservar la confiabilidad de la informaci\u00f3n contable.<\/strong><\/span><\/p>\n<p class=\"p1\"><span style=\"color: #808080;\"><strong>- Compliance testing of\ninternal control.<\/strong><\/span><\/p>\n<p class=\"p1\"><span style=\"color: #808080;\"><strong>- Evaluation of the assets,\neconomic and financial\nsituation.<\/strong><\/span><\/p>\n<p class=\"p1\"><span style=\"color: #808080;\"><strong>- Comparative analysis of the\ncapital variations.<\/strong><\/span><\/p>\n<p class=\"p1\"><span style=\"color: #808080;\"><strong>- Analysis of financial and\neconomic impacts.<\/strong><\/span><\/p>\n<p class=\"p1\"><span style=\"color: #808080;\"><strong>- Analysis of financial\nstatements.<\/strong><\/span><\/p>\n<p class=\"p1\"><span style=\"color: #808080;\"><strong>-Elaboraci\u00f3n de balance de saldos y reportes mensuales.<\/strong><\/span><\/p>\n<p class=\"p1\"><span style=\"color: #808080;\"><strong>-Presentaci\u00f3n de Estados Contables ante la I.G.J.<\/strong><\/span><\/p>\n<p class=\"p1\"><span style=\"color: #808080;\"><strong>-Confecci\u00f3n y Armado de Estados Contables.<\/strong><\/span><\/p>\n<p>&nbsp;<\/p>\n<p class=\"p1\"><span style=\"color: #000000;\"><strong>We specialize in:<\/strong><\/span><\/p>\n<p class=\"p1\"><span style=\"color: #808080;\"><strong>-Auditing of financial statements \nof national and transnational companies.<\/strong><\/span><\/p>\n<p class=\"p1\"><span style=\"color: #808080;\"><strong>-Auditing of consolidated financial    \u2028         statements.<\/strong><\/span><\/p>\n<p class=\"p1\"><span style=\"color: #808080;\"><strong>-Operational and management auditing.<\/strong><\/span><\/p>\n<p class=\"p1\"><span style=\"color: #808080;\"><strong>-Internal auditing.<\/strong><\/span><\/p>\n<p class=\"p1\"><span style=\"color: #808080;\"><strong>-Auditing with application of local        \u2028       and international accounting standards.<\/strong><\/span><\/p>\n\n\t\t<\/div>\n\t<\/div>\n<\/div><\/div><\/div><\/div>","protected":false},"excerpt":{"rendered":"Contabilidad y Auditor\u00eda Data Entry Administrativo Impuestos Recursos Humanos CONTABILIDAD Y AUDITORIA Nuestra independencia y capacidad para evaluar la integridad de nuestros clientes y su condici\u00f3n de empresa en marcha, nos permite dar una opini\u00f3n acerca de la razonabilidad de la situaci\u00f3n patrimonial, econ\u00f3mica y financiera del mismo. -Revisi\u00f3n anal\u00edtica de cuentas contables. -Sugerencias de [...]","protected":false},"author":2,"featured_media":7714,"parent":6295,"menu_order":0,"comment_status":"closed","ping_status":"closed","template":"","meta":{"footnotes":""},"yoast_head":"<!-- This site is optimized with the Yoast SEO plugin v22.6 - https:\/\/yoast.com\/wordpress\/plugins\/seo\/ -->\n<title>\u226bContabilidad y Auditor\u00eda<\/title>\n<meta name=\"description\" content=\"An\u00e1lisis y revisi\u00f3n confiable, clara y precisa de Estados Contables con el fin de evaluar el desempe\u00f1o de la compa\u00f1\u00eda y reflejar la realidad econ\u00f3mica para la toma de decisiones internas y externas.\" \/>\n<meta name=\"robots\" content=\"index, follow, max-snippet:-1, max-image-preview:large, max-video-preview:-1\" \/>\n<link rel=\"canonical\" href=\"http:\/\/emalonso.com.ar\/en\/servicios\/contabilidadyauditoria\/\" \/>\n<meta property=\"og:locale\" content=\"en_GB\" \/>\n<meta property=\"og:type\" content=\"article\" \/>\n<meta property=\"og:title\" content=\"\u226bContabilidad y Auditor\u00eda\" \/>\n<meta property=\"og:description\" content=\"An\u00e1lisis y revisi\u00f3n confiable, clara y precisa de Estados Contables con el fin de evaluar el desempe\u00f1o de la compa\u00f1\u00eda y reflejar la realidad econ\u00f3mica para la toma de decisiones internas y externas.\" \/>\n<meta property=\"og:url\" content=\"http:\/\/emalonso.com.ar\/en\/servicios\/contabilidadyauditoria\/\" \/>\n<meta property=\"og:site_name\" content=\"Estudio Miguel Alonso\" \/>\n<meta property=\"article:modified_time\" content=\"2021-03-14T14:40:11+00:00\" \/>\n<meta property=\"og:image\" content=\"https:\/\/emalonso.com.ar\/wp-content\/uploads\/2021\/01\/Captura-de-Pantalla-2021-01-13-a-las-14.58.44.png\" \/>\n\t<meta property=\"og:image:width\" content=\"280\" \/>\n\t<meta property=\"og:image:height\" content=\"254\" \/>\n\t<meta property=\"og:image:type\" content=\"image\/png\" \/>\n<meta name=\"twitter:card\" content=\"summary_large_image\" \/>\n<meta name=\"twitter:label1\" content=\"Estimated reading time\" \/>\n\t<meta name=\"twitter:data1\" content=\"2 minutes\" \/>\n<script type=\"application\/ld+json\" class=\"yoast-schema-graph\">{\"@context\":\"https:\/\/schema.org\",\"@graph\":[{\"@type\":\"WebPage\",\"@id\":\"http:\/\/emalonso.com.ar\/en\/servicios\/contabilidadyauditoria\/\",\"url\":\"http:\/\/emalonso.com.ar\/en\/servicios\/contabilidadyauditoria\/\",\"name\":\"\u226bContabilidad y Auditor\u00eda\",\"isPartOf\":{\"@id\":\"https:\/\/emalonso.com.ar\/#website\"},\"primaryImageOfPage\":{\"@id\":\"http:\/\/emalonso.com.ar\/en\/servicios\/contabilidadyauditoria\/#primaryimage\"},\"image\":{\"@id\":\"http:\/\/emalonso.com.ar\/en\/servicios\/contabilidadyauditoria\/#primaryimage\"},\"thumbnailUrl\":\"https:\/\/emalonso.com.ar\/wp-content\/uploads\/2021\/01\/Captura-de-Pantalla-2021-01-13-a-las-14.58.44.png\",\"datePublished\":\"2020-05-12T15:11:23+00:00\",\"dateModified\":\"2021-03-14T14:40:11+00:00\",\"description\":\"An\u00e1lisis y revisi\u00f3n confiable, clara y precisa de Estados Contables con el fin de evaluar el desempe\u00f1o de la compa\u00f1\u00eda y reflejar la realidad econ\u00f3mica para la toma de decisiones internas y externas.\",\"breadcrumb\":{\"@id\":\"http:\/\/emalonso.com.ar\/en\/servicios\/contabilidadyauditoria\/#breadcrumb\"},\"inLanguage\":\"en-GB\",\"potentialAction\":[{\"@type\":\"ReadAction\",\"target\":[\"http:\/\/emalonso.com.ar\/en\/servicios\/contabilidadyauditoria\/\"]}]},{\"@type\":\"ImageObject\",\"inLanguage\":\"en-GB\",\"@id\":\"http:\/\/emalonso.com.ar\/en\/servicios\/contabilidadyauditoria\/#primaryimage\",\"url\":\"https:\/\/emalonso.com.ar\/wp-content\/uploads\/2021\/01\/Captura-de-Pantalla-2021-01-13-a-las-14.58.44.png\",\"contentUrl\":\"https:\/\/emalonso.com.ar\/wp-content\/uploads\/2021\/01\/Captura-de-Pantalla-2021-01-13-a-las-14.58.44.png\",\"width\":280,\"height\":254,\"caption\":\"Estudio Contable Buenos Aires\"},{\"@type\":\"BreadcrumbList\",\"@id\":\"http:\/\/emalonso.com.ar\/en\/servicios\/contabilidadyauditoria\/#breadcrumb\",\"itemListElement\":[{\"@type\":\"ListItem\",\"position\":1,\"name\":\"Portada\",\"item\":\"https:\/\/emalonso.com.ar\/\"},{\"@type\":\"ListItem\",\"position\":2,\"name\":\"Servicios\",\"item\":\"https:\/\/emalonso.com.ar\/servicios\/\"},{\"@type\":\"ListItem\",\"position\":3,\"name\":\"Contabilidad y Auditor\u00eda\"}]},{\"@type\":\"WebSite\",\"@id\":\"https:\/\/emalonso.com.ar\/#website\",\"url\":\"https:\/\/emalonso.com.ar\/\",\"name\":\"Estudio Miguel Alonso\",\"description\":\"Estudio Contable e Impositivo\",\"publisher\":{\"@id\":\"https:\/\/emalonso.com.ar\/#organization\"},\"potentialAction\":[{\"@type\":\"SearchAction\",\"target\":{\"@type\":\"EntryPoint\",\"urlTemplate\":\"https:\/\/emalonso.com.ar\/?s={search_term_string}\"},\"query-input\":\"required name=search_term_string\"}],\"inLanguage\":\"en-GB\"},{\"@type\":\"Organization\",\"@id\":\"https:\/\/emalonso.com.ar\/#organization\",\"name\":\"Estudio Contable Alonso y Asociados\",\"url\":\"https:\/\/emalonso.com.ar\/\",\"logo\":{\"@type\":\"ImageObject\",\"inLanguage\":\"en-GB\",\"@id\":\"https:\/\/emalonso.com.ar\/#\/schema\/logo\/image\/\",\"url\":\"https:\/\/emalonso.com.ar\/wp-content\/uploads\/2020\/05\/Disen\u0303o-sin-ti\u0301tulo-56.png\",\"contentUrl\":\"https:\/\/emalonso.com.ar\/wp-content\/uploads\/2020\/05\/Disen\u0303o-sin-ti\u0301tulo-56.png\",\"width\":500,\"height\":500,\"caption\":\"Estudio Contable Alonso y Asociados\"},\"image\":{\"@id\":\"https:\/\/emalonso.com.ar\/#\/schema\/logo\/image\/\"}}]}<\/script>\n<!-- \/ Yoast SEO plugin. -->","yoast_head_json":{"title":"\u226bContabilidad y Auditor\u00eda","description":"Reliable, clear and precise\nanalysis and revision of Financial\nStatements with the objective of\nevaluating the performance of the\ncompany and reflecting the\neconomic reality for internal and\nexternal decision-making.","robots":{"index":"index","follow":"follow","max-snippet":"max-snippet:-1","max-image-preview":"max-image-preview:large","max-video-preview":"max-video-preview:-1"},"canonical":"http:\/\/emalonso.com.ar\/en\/servicios\/contabilidadyauditoria\/","og_locale":"en_GB","og_type":"article","og_title":"\u226bContabilidad y Auditor\u00eda","og_description":"An\u00e1lisis y revisi\u00f3n confiable, clara y precisa de Estados Contables con el fin de evaluar el desempe\u00f1o de la compa\u00f1\u00eda y reflejar la realidad econ\u00f3mica para la toma de decisiones internas y externas.","og_url":"http:\/\/emalonso.com.ar\/en\/servicios\/contabilidadyauditoria\/","og_site_name":"Estudio Miguel Alonso","article_modified_time":"2021-03-14T14:40:11+00:00","og_image":[{"width":280,"height":254,"url":"https:\/\/emalonso.com.ar\/wp-content\/uploads\/2021\/01\/Captura-de-Pantalla-2021-01-13-a-las-14.58.44.png","type":"image\/png"}],"twitter_card":"summary_large_image","twitter_misc":{"Estimated reading time":"2 minutes"},"schema":{"@context":"https:\/\/schema.org","@graph":[{"@type":"WebPage","@id":"http:\/\/emalonso.com.ar\/en\/servicios\/contabilidadyauditoria\/","url":"http:\/\/emalonso.com.ar\/en\/servicios\/contabilidadyauditoria\/","name":"\u226bContabilidad y Auditor\u00eda","isPartOf":{"@id":"https:\/\/emalonso.com.ar\/#website"},"primaryImageOfPage":{"@id":"http:\/\/emalonso.com.ar\/en\/servicios\/contabilidadyauditoria\/#primaryimage"},"image":{"@id":"http:\/\/emalonso.com.ar\/en\/servicios\/contabilidadyauditoria\/#primaryimage"},"thumbnailUrl":"https:\/\/emalonso.com.ar\/wp-content\/uploads\/2021\/01\/Captura-de-Pantalla-2021-01-13-a-las-14.58.44.png","datePublished":"2020-05-12T15:11:23+00:00","dateModified":"2021-03-14T14:40:11+00:00","description":"Reliable, clear and precise\nanalysis and revision of Financial\nStatements with the objective of\nevaluating the performance of the\ncompany and reflecting the\neconomic reality for internal and\nexternal decision-making.","breadcrumb":{"@id":"http:\/\/emalonso.com.ar\/en\/servicios\/contabilidadyauditoria\/#breadcrumb"},"inLanguage":"en-GB","potentialAction":[{"@type":"ReadAction","target":["http:\/\/emalonso.com.ar\/en\/servicios\/contabilidadyauditoria\/"]}]},{"@type":"ImageObject","inLanguage":"en-GB","@id":"http:\/\/emalonso.com.ar\/en\/servicios\/contabilidadyauditoria\/#primaryimage","url":"https:\/\/emalonso.com.ar\/wp-content\/uploads\/2021\/01\/Captura-de-Pantalla-2021-01-13-a-las-14.58.44.png","contentUrl":"https:\/\/emalonso.com.ar\/wp-content\/uploads\/2021\/01\/Captura-de-Pantalla-2021-01-13-a-las-14.58.44.png","width":280,"height":254,"caption":"Estudio Contable Buenos Aires"},{"@type":"BreadcrumbList","@id":"http:\/\/emalonso.com.ar\/en\/servicios\/contabilidadyauditoria\/#breadcrumb","itemListElement":[{"@type":"ListItem","position":1,"name":"Portada","item":"https:\/\/emalonso.com.ar\/"},{"@type":"ListItem","position":2,"name":"Servicios","item":"https:\/\/emalonso.com.ar\/servicios\/"},{"@type":"ListItem","position":3,"name":"Contabilidad y Auditor\u00eda"}]},{"@type":"WebSite","@id":"https:\/\/emalonso.com.ar\/#website","url":"https:\/\/emalonso.com.ar\/","name":"Estudio Miguel Alonso","description":"Accounting and Tax Firm","publisher":{"@id":"https:\/\/emalonso.com.ar\/#organization"},"potentialAction":[{"@type":"SearchAction","target":{"@type":"EntryPoint","urlTemplate":"https:\/\/emalonso.com.ar\/?s={search_term_string}"},"query-input":"required name=search_term_string"}],"inLanguage":"en-GB"},{"@type":"Organization","@id":"https:\/\/emalonso.com.ar\/#organization","name":"Estudio Contable Alonso y Asociados","url":"https:\/\/emalonso.com.ar\/","logo":{"@type":"ImageObject","inLanguage":"en-GB","@id":"https:\/\/emalonso.com.ar\/#\/schema\/logo\/image\/","url":"https:\/\/emalonso.com.ar\/wp-content\/uploads\/2020\/05\/Disen\u0303o-sin-ti\u0301tulo-56.png","contentUrl":"https:\/\/emalonso.com.ar\/wp-content\/uploads\/2020\/05\/Disen\u0303o-sin-ti\u0301tulo-56.png","width":500,"height":500,"caption":"Estudio Contable Alonso y Asociados"},"image":{"@id":"https:\/\/emalonso.com.ar\/#\/schema\/logo\/image\/"}}]}},"_links":{"self":[{"href":"https:\/\/emalonso.com.ar\/en\/wp-json\/wp\/v2\/pages\/7222"}],"collection":[{"href":"https:\/\/emalonso.com.ar\/en\/wp-json\/wp\/v2\/pages"}],"about":[{"href":"https:\/\/emalonso.com.ar\/en\/wp-json\/wp\/v2\/types\/page"}],"author":[{"embeddable":true,"href":"https:\/\/emalonso.com.ar\/en\/wp-json\/wp\/v2\/users\/2"}],"replies":[{"embeddable":true,"href":"https:\/\/emalonso.com.ar\/en\/wp-json\/wp\/v2\/comments?post=7222"}],"version-history":[{"count":3,"href":"https:\/\/emalonso.com.ar\/en\/wp-json\/wp\/v2\/pages\/7222\/revisions"}],"predecessor-version":[{"id":7528,"href":"https:\/\/emalonso.com.ar\/en\/wp-json\/wp\/v2\/pages\/7222\/revisions\/7528"}],"up":[{"embeddable":true,"href":"https:\/\/emalonso.com.ar\/en\/wp-json\/wp\/v2\/pages\/6295"}],"wp:featuredmedia":[{"embeddable":true,"href":"https:\/\/emalonso.com.ar\/en\/wp-json\/wp\/v2\/media\/7714"}],"wp:attachment":[{"href":"https:\/\/emalonso.com.ar\/en\/wp-json\/wp\/v2\/media?parent=7222"}],"curies":[{"name":"wp","href":"https:\/\/api.w.org\/{rel}","templated":true}]}}