{"id":7214,"date":"2020-05-12T11:48:24","date_gmt":"2020-05-12T14:48:24","guid":{"rendered":"http:\/\/sd-2037929-h00013.ferozo.net\/?page_id=7214"},"modified":"2021-03-14T11:40:44","modified_gmt":"2021-03-14T14:40:44","slug":"dataentry","status":"publish","type":"page","link":"https:\/\/emalonso.com.ar\/en\/servicios\/dataentry\/","title":{"rendered":"Data Entry"},"content":{"rendered":"<div class=\"vc_row wpb_row vc_row-fluid\"><div class=\"wpb_column vc_column_container vc_col-sm-3 vc_hidden-xs\"><div class=\"vc_column-inner vc_custom_1594478791323\"><div class=\"wpb_wrapper\">\n\t<div class=\"wpb_text_column wpb_content_element\" >\n\t\t<div class=\"wpb_wrapper\">\n\t\t\t<p><a href=\"https:\/\/emalonso.com.ar\/en\/servicios\/contabilidadyauditoria\/\">Accounting and Auditing<\/a><\/p>\n<p><a href=\"https:\/\/emalonso.com.ar\/en\/servicios\/dataentry\/\">Data Entry<\/a><\/p>\n<p><a href=\"https:\/\/emalonso.com.ar\/en\/servicios\/administrativo\/\">Administrative Work<\/a><\/p>\n<p><a href=\"https:\/\/emalonso.com.ar\/en\/servicios\/impuestos\/\">Taxes<\/a><\/p>\n<p><a href=\"https:\/\/emalonso.com.ar\/en\/servicios\/recursos-humanos\/\">Human Resources<\/a><\/p>\n\n\t\t<\/div>\n\t<\/div>\n<\/div><\/div><\/div><div class=\"wpb_column vc_column_container vc_col-sm-9 vc_hidden-xs\"><div class=\"vc_column-inner vc_custom_1589741297654\"><div class=\"wpb_wrapper\">\n\t<div class=\"wpb_text_column wpb_content_element\" >\n\t\t<div class=\"wpb_wrapper\">\n\t\t\t<h3 id=\"data\"><strong><u>DATA ENTRY - With accounting and tax support <b>.<\/b><\/u><\/strong><\/h3>\n<p class=\"p1\"><span style=\"color: #808080;\"><strong>We carry out a reliable, clear and accurate analysis and review of financial statements in order to evaluate the company's performance and reflect the economic reality for internal and external decision-making.<\/strong><\/span><\/p>\n<p class=\"p1\"><span style=\"color: #808080;\"><strong>- Recording of accounting\ninformation.<\/strong><\/span><\/p>\n<p class=\"p1\"><span style=\"color: #808080;\"><strong>- Validation of documents\nbefore regulatory bodies.<\/strong><\/span><\/p>\n<p class=\"p1\"><span style=\"color: #808080;\"><strong>- Bank reconciliations.<\/strong><\/span><\/p>\n<p class=\"p1\"><span style=\"color: #808080;\"><strong>- Preparation of subsidiary\nledgers for the subsequent\ntax settlement.<\/strong><\/span><\/p>\n<p class=\"p1\"><span style=\"color: #808080;\"><strong>- Recording of monthly tax\nand labor positions.<\/strong><\/span><\/p>\n<p class=\"p1\"><span style=\"color: #808080;\"><strong>- Integration with clients in accounting systems.<\/strong><\/span><\/p>\n<p class=\"p1\"><span style=\"color: #808080;\"><strong>- Registration of operations, analysis and account reconciliations.<\/strong><\/span><\/p>\n\n\t\t<\/div>\n\t<\/div>\n<\/div><\/div><\/div><\/div><div class=\"vc_row wpb_row vc_row-fluid\"><div class=\"wpb_column vc_column_container vc_col-sm-3 vc_hidden-lg vc_hidden-md vc_hidden-sm\"><div class=\"vc_column-inner vc_custom_1589741405961\"><div class=\"wpb_wrapper\">\n\t<div class=\"wpb_text_column wpb_content_element\" >\n\t\t<div class=\"wpb_wrapper\">\n\t\t\t<p><a href=\"https:\/\/emalonso.com.ar\/en\/servicios\/contabilidadyauditoria\/\">Accounting and Auditing<\/a><\/p>\n<p><a href=\"https:\/\/emalonso.com.ar\/en\/servicios\/dataentry\/\">Data Entry<\/a><\/p>\n<p><a href=\"https:\/\/emalonso.com.ar\/en\/servicios\/administrativo\/\">Administrative Work<\/a><\/p>\n<p><a href=\"http:\/\/emalonso.com.ar\/en\/servicios\/impuestos\/\">Taxes<\/a><\/p>\n<p><a href=\"https:\/\/emalonso.com.ar\/en\/servicios\/recursos-humanos\/\">Human Resources<\/a><\/p>\n\n\t\t<\/div>\n\t<\/div>\n<\/div><\/div><\/div><div class=\"wpb_column vc_column_container vc_col-sm-9 vc_hidden-lg vc_hidden-md vc_hidden-sm\"><div class=\"vc_column-inner\"><div class=\"wpb_wrapper\">\n\t<div class=\"wpb_text_column wpb_content_element\" >\n\t\t<div class=\"wpb_wrapper\">\n\t\t\t<h3 class=\"wp-block-heading\" id=\"data\"><strong><u>DATA ENTRY - With accounting and tax support <b>.<\/b><\/u><\/strong><\/h3>\n<p class=\"p1\"><span style=\"color: #808080;\"><strong>We carry out a reliable, clear and accurate analysis and review of financial statements in order to evaluate the company's performance and reflect the economic reality for internal and external decision-making.<\/strong><\/span><\/p>\n<p class=\"p1\"><span style=\"color: #808080;\"><strong>- Recording of accounting\ninformation.<\/strong><\/span><\/p>\n<p class=\"p1\"><span style=\"color: #808080;\"><strong>- Validation of documents\nbefore regulatory bodies.<\/strong><\/span><\/p>\n<p class=\"p1\"><span style=\"color: #808080;\"><strong>- Bank reconciliations.<\/strong><\/span><\/p>\n<p class=\"p1\"><span style=\"color: #808080;\"><strong>- Preparation of subsidiary\nledgers for the subsequent\ntax settlement.<\/strong><\/span><\/p>\n<p class=\"p1\"><span style=\"color: #808080;\"><strong>- Recording of monthly tax\nand labor positions.<\/strong><\/span><\/p>\n<p class=\"p1\"><span style=\"color: #808080;\"><strong>- Integration with clients in accounting systems.<\/strong><\/span><\/p>\n<p class=\"p1\"><span style=\"color: #808080;\"><strong>- Registration of operations, analysis and account reconciliations.<\/strong><\/span><\/p>\n\n\t\t<\/div>\n\t<\/div>\n<\/div><\/div><\/div><\/div>","protected":false},"excerpt":{"rendered":"Contabilidad y Auditor\u00eda Data Entry Administrativo Impuestos Recursos Humanos DATA ENTRY - Con Soporte Contable e Impositivo Realizamos un an\u00e1lisis y revisi\u00f3n confiable, clara y precisa de Estados Contables con el fin de evaluar el desempe\u00f1o de la compa\u00f1\u00eda y reflejar la realidad econ\u00f3mica para la toma de decisiones internas y externas. -Registraci\u00f3n de la [...]","protected":false},"author":2,"featured_media":7713,"parent":6295,"menu_order":0,"comment_status":"closed","ping_status":"closed","template":"","meta":{"footnotes":""},"yoast_head":"<!-- This site is optimized with the Yoast SEO plugin v22.6 - https:\/\/yoast.com\/wordpress\/plugins\/seo\/ -->\n<title>\u226bData Entry<\/title>\n<meta name=\"description\" content=\"An\u00e1lisis y registraci\u00f3n de la documentaci\u00f3n respaldatoria de los hechos econ\u00f3micos emitida y recibida por la compa\u00f1\u00eda\" \/>\n<meta name=\"robots\" content=\"index, follow, max-snippet:-1, max-image-preview:large, max-video-preview:-1\" \/>\n<link rel=\"canonical\" href=\"https:\/\/emalonso.com.ar\/en\/servicios\/dataentry\/\" \/>\n<meta property=\"og:locale\" content=\"en_GB\" \/>\n<meta property=\"og:type\" content=\"article\" \/>\n<meta property=\"og:title\" content=\"\u226bData Entry\" \/>\n<meta property=\"og:description\" content=\"An\u00e1lisis y registraci\u00f3n de la documentaci\u00f3n respaldatoria de los hechos econ\u00f3micos emitida y recibida por la compa\u00f1\u00eda\" \/>\n<meta property=\"og:url\" content=\"https:\/\/emalonso.com.ar\/en\/servicios\/dataentry\/\" \/>\n<meta property=\"og:site_name\" content=\"Estudio Miguel Alonso\" \/>\n<meta property=\"article:modified_time\" content=\"2021-03-14T14:40:44+00:00\" \/>\n<meta property=\"og:image\" content=\"https:\/\/emalonso.com.ar\/wp-content\/uploads\/2021\/01\/Captura-de-Pantalla-2021-01-13-a-las-14.58.51.png\" \/>\n\t<meta property=\"og:image:width\" content=\"298\" \/>\n\t<meta property=\"og:image:height\" content=\"264\" \/>\n\t<meta property=\"og:image:type\" content=\"image\/png\" \/>\n<meta name=\"twitter:card\" content=\"summary_large_image\" \/>\n<meta name=\"twitter:label1\" content=\"Estimated reading time\" \/>\n\t<meta name=\"twitter:data1\" content=\"2 minutes\" \/>\n<script type=\"application\/ld+json\" class=\"yoast-schema-graph\">{\"@context\":\"https:\/\/schema.org\",\"@graph\":[{\"@type\":\"WebPage\",\"@id\":\"https:\/\/emalonso.com.ar\/servicios\/dataentry\/\",\"url\":\"https:\/\/emalonso.com.ar\/servicios\/dataentry\/\",\"name\":\"\u226bData Entry\",\"isPartOf\":{\"@id\":\"https:\/\/emalonso.com.ar\/#website\"},\"primaryImageOfPage\":{\"@id\":\"https:\/\/emalonso.com.ar\/servicios\/dataentry\/#primaryimage\"},\"image\":{\"@id\":\"https:\/\/emalonso.com.ar\/servicios\/dataentry\/#primaryimage\"},\"thumbnailUrl\":\"https:\/\/emalonso.com.ar\/wp-content\/uploads\/2021\/01\/Captura-de-Pantalla-2021-01-13-a-las-14.58.51.png\",\"datePublished\":\"2020-05-12T14:48:24+00:00\",\"dateModified\":\"2021-03-14T14:40:44+00:00\",\"description\":\"An\u00e1lisis y registraci\u00f3n de la documentaci\u00f3n respaldatoria de los hechos econ\u00f3micos emitida y recibida por la compa\u00f1\u00eda\",\"breadcrumb\":{\"@id\":\"https:\/\/emalonso.com.ar\/servicios\/dataentry\/#breadcrumb\"},\"inLanguage\":\"en-GB\",\"potentialAction\":[{\"@type\":\"ReadAction\",\"target\":[\"https:\/\/emalonso.com.ar\/servicios\/dataentry\/\"]}]},{\"@type\":\"ImageObject\",\"inLanguage\":\"en-GB\",\"@id\":\"https:\/\/emalonso.com.ar\/servicios\/dataentry\/#primaryimage\",\"url\":\"https:\/\/emalonso.com.ar\/wp-content\/uploads\/2021\/01\/Captura-de-Pantalla-2021-01-13-a-las-14.58.51.png\",\"contentUrl\":\"https:\/\/emalonso.com.ar\/wp-content\/uploads\/2021\/01\/Captura-de-Pantalla-2021-01-13-a-las-14.58.51.png\",\"width\":298,\"height\":264,\"caption\":\"Estudio Contable Buenos Aires\"},{\"@type\":\"BreadcrumbList\",\"@id\":\"https:\/\/emalonso.com.ar\/servicios\/dataentry\/#breadcrumb\",\"itemListElement\":[{\"@type\":\"ListItem\",\"position\":1,\"name\":\"Portada\",\"item\":\"https:\/\/emalonso.com.ar\/\"},{\"@type\":\"ListItem\",\"position\":2,\"name\":\"Servicios\",\"item\":\"https:\/\/emalonso.com.ar\/servicios\/\"},{\"@type\":\"ListItem\",\"position\":3,\"name\":\"Data Entry\"}]},{\"@type\":\"WebSite\",\"@id\":\"https:\/\/emalonso.com.ar\/#website\",\"url\":\"https:\/\/emalonso.com.ar\/\",\"name\":\"Estudio Miguel Alonso\",\"description\":\"Estudio Contable e Impositivo\",\"publisher\":{\"@id\":\"https:\/\/emalonso.com.ar\/#organization\"},\"potentialAction\":[{\"@type\":\"SearchAction\",\"target\":{\"@type\":\"EntryPoint\",\"urlTemplate\":\"https:\/\/emalonso.com.ar\/?s={search_term_string}\"},\"query-input\":\"required name=search_term_string\"}],\"inLanguage\":\"en-GB\"},{\"@type\":\"Organization\",\"@id\":\"https:\/\/emalonso.com.ar\/#organization\",\"name\":\"Estudio Contable Alonso y Asociados\",\"url\":\"https:\/\/emalonso.com.ar\/\",\"logo\":{\"@type\":\"ImageObject\",\"inLanguage\":\"en-GB\",\"@id\":\"https:\/\/emalonso.com.ar\/#\/schema\/logo\/image\/\",\"url\":\"https:\/\/emalonso.com.ar\/wp-content\/uploads\/2020\/05\/Disen\u0303o-sin-ti\u0301tulo-56.png\",\"contentUrl\":\"https:\/\/emalonso.com.ar\/wp-content\/uploads\/2020\/05\/Disen\u0303o-sin-ti\u0301tulo-56.png\",\"width\":500,\"height\":500,\"caption\":\"Estudio Contable Alonso y Asociados\"},\"image\":{\"@id\":\"https:\/\/emalonso.com.ar\/#\/schema\/logo\/image\/\"}}]}<\/script>\n<!-- \/ Yoast SEO plugin. -->","yoast_head_json":{"title":"\u226bData Entry","description":"Analysis and register of\nsupporting documentation of the\neconomic facts issued and\nreceived by the company.","robots":{"index":"index","follow":"follow","max-snippet":"max-snippet:-1","max-image-preview":"max-image-preview:large","max-video-preview":"max-video-preview:-1"},"canonical":"https:\/\/emalonso.com.ar\/en\/servicios\/dataentry\/","og_locale":"en_GB","og_type":"article","og_title":"\u226bData Entry","og_description":"An\u00e1lisis y registraci\u00f3n de la documentaci\u00f3n respaldatoria de los hechos econ\u00f3micos emitida y recibida por la compa\u00f1\u00eda","og_url":"https:\/\/emalonso.com.ar\/en\/servicios\/dataentry\/","og_site_name":"Estudio Miguel Alonso","article_modified_time":"2021-03-14T14:40:44+00:00","og_image":[{"width":298,"height":264,"url":"https:\/\/emalonso.com.ar\/wp-content\/uploads\/2021\/01\/Captura-de-Pantalla-2021-01-13-a-las-14.58.51.png","type":"image\/png"}],"twitter_card":"summary_large_image","twitter_misc":{"Estimated reading time":"2 minutes"},"schema":{"@context":"https:\/\/schema.org","@graph":[{"@type":"WebPage","@id":"https:\/\/emalonso.com.ar\/servicios\/dataentry\/","url":"https:\/\/emalonso.com.ar\/servicios\/dataentry\/","name":"\u226bData Entry","isPartOf":{"@id":"https:\/\/emalonso.com.ar\/#website"},"primaryImageOfPage":{"@id":"https:\/\/emalonso.com.ar\/servicios\/dataentry\/#primaryimage"},"image":{"@id":"https:\/\/emalonso.com.ar\/servicios\/dataentry\/#primaryimage"},"thumbnailUrl":"https:\/\/emalonso.com.ar\/wp-content\/uploads\/2021\/01\/Captura-de-Pantalla-2021-01-13-a-las-14.58.51.png","datePublished":"2020-05-12T14:48:24+00:00","dateModified":"2021-03-14T14:40:44+00:00","description":"Analysis and register of\nsupporting documentation of the\neconomic facts issued and\nreceived by the company.","breadcrumb":{"@id":"https:\/\/emalonso.com.ar\/servicios\/dataentry\/#breadcrumb"},"inLanguage":"en-GB","potentialAction":[{"@type":"ReadAction","target":["https:\/\/emalonso.com.ar\/servicios\/dataentry\/"]}]},{"@type":"ImageObject","inLanguage":"en-GB","@id":"https:\/\/emalonso.com.ar\/servicios\/dataentry\/#primaryimage","url":"https:\/\/emalonso.com.ar\/wp-content\/uploads\/2021\/01\/Captura-de-Pantalla-2021-01-13-a-las-14.58.51.png","contentUrl":"https:\/\/emalonso.com.ar\/wp-content\/uploads\/2021\/01\/Captura-de-Pantalla-2021-01-13-a-las-14.58.51.png","width":298,"height":264,"caption":"Estudio Contable Buenos Aires"},{"@type":"BreadcrumbList","@id":"https:\/\/emalonso.com.ar\/servicios\/dataentry\/#breadcrumb","itemListElement":[{"@type":"ListItem","position":1,"name":"Portada","item":"https:\/\/emalonso.com.ar\/"},{"@type":"ListItem","position":2,"name":"Servicios","item":"https:\/\/emalonso.com.ar\/servicios\/"},{"@type":"ListItem","position":3,"name":"Data Entry"}]},{"@type":"WebSite","@id":"https:\/\/emalonso.com.ar\/#website","url":"https:\/\/emalonso.com.ar\/","name":"Estudio Miguel Alonso","description":"Accounting and Tax Firm","publisher":{"@id":"https:\/\/emalonso.com.ar\/#organization"},"potentialAction":[{"@type":"SearchAction","target":{"@type":"EntryPoint","urlTemplate":"https:\/\/emalonso.com.ar\/?s={search_term_string}"},"query-input":"required name=search_term_string"}],"inLanguage":"en-GB"},{"@type":"Organization","@id":"https:\/\/emalonso.com.ar\/#organization","name":"Estudio Contable Alonso y Asociados","url":"https:\/\/emalonso.com.ar\/","logo":{"@type":"ImageObject","inLanguage":"en-GB","@id":"https:\/\/emalonso.com.ar\/#\/schema\/logo\/image\/","url":"https:\/\/emalonso.com.ar\/wp-content\/uploads\/2020\/05\/Disen\u0303o-sin-ti\u0301tulo-56.png","contentUrl":"https:\/\/emalonso.com.ar\/wp-content\/uploads\/2020\/05\/Disen\u0303o-sin-ti\u0301tulo-56.png","width":500,"height":500,"caption":"Estudio Contable Alonso y Asociados"},"image":{"@id":"https:\/\/emalonso.com.ar\/#\/schema\/logo\/image\/"}}]}},"_links":{"self":[{"href":"https:\/\/emalonso.com.ar\/en\/wp-json\/wp\/v2\/pages\/7214"}],"collection":[{"href":"https:\/\/emalonso.com.ar\/en\/wp-json\/wp\/v2\/pages"}],"about":[{"href":"https:\/\/emalonso.com.ar\/en\/wp-json\/wp\/v2\/types\/page"}],"author":[{"embeddable":true,"href":"https:\/\/emalonso.com.ar\/en\/wp-json\/wp\/v2\/users\/2"}],"replies":[{"embeddable":true,"href":"https:\/\/emalonso.com.ar\/en\/wp-json\/wp\/v2\/comments?post=7214"}],"version-history":[{"count":2,"href":"https:\/\/emalonso.com.ar\/en\/wp-json\/wp\/v2\/pages\/7214\/revisions"}],"predecessor-version":[{"id":7521,"href":"https:\/\/emalonso.com.ar\/en\/wp-json\/wp\/v2\/pages\/7214\/revisions\/7521"}],"up":[{"embeddable":true,"href":"https:\/\/emalonso.com.ar\/en\/wp-json\/wp\/v2\/pages\/6295"}],"wp:featuredmedia":[{"embeddable":true,"href":"https:\/\/emalonso.com.ar\/en\/wp-json\/wp\/v2\/media\/7713"}],"wp:attachment":[{"href":"https:\/\/emalonso.com.ar\/en\/wp-json\/wp\/v2\/media?parent=7214"}],"curies":[{"name":"wp","href":"https:\/\/api.w.org\/{rel}","templated":true}]}}