{"id":6295,"date":"2018-02-06T14:23:33","date_gmt":"2018-02-06T14:23:33","guid":{"rendered":"https:\/\/modeltheme.com\/mt_bellavita\/?page_id=6295"},"modified":"2021-03-14T11:36:45","modified_gmt":"2021-03-14T14:36:45","slug":"servicios","status":"publish","type":"page","link":"https:\/\/emalonso.com.ar\/en\/servicios\/","title":{"rendered":"Services"},"content":{"rendered":"<div class=\"vc_row wpb_row vc_row-fluid\"><div class=\"wpb_column vc_column_container vc_col-sm-3\"><div class=\"vc_column-inner\"><div class=\"wpb_wrapper\"><div class=\"vc_empty_space\"   style=\"height: 50px\"><span class=\"vc_empty_space_inner\"><\/span><\/div>\n\t<div class=\"wpb_text_column wpb_content_element\" >\n\t\t<div class=\"wpb_wrapper\">\n\t\t\t<p><a href=\"https:\/\/emalonso.com.ar\/en\/servicios\/contabilidadyauditoria\/\">Accounting and Auditing<\/a><\/p>\n<p><a href=\"https:\/\/emalonso.com.ar\/en\/servicios\/dataentry\/\">Data Entry<\/a><\/p>\n<p><a href=\"https:\/\/emalonso.com.ar\/en\/servicios\/administrativo\/\">Administrative Work<\/a><\/p>\n<p><a href=\"https:\/\/emalonso.com.ar\/en\/servicios\/impuestos\/\">Taxes<\/a><\/p>\n<p><a href=\"https:\/\/emalonso.com.ar\/en\/servicios\/recursos-humanos\/\">Human Resources<\/a><\/p>\n\n\t\t<\/div>\n\t<\/div>\n<\/div><\/div><\/div><div class=\"wpb_column vc_column_container vc_col-sm-9\"><div class=\"vc_column-inner\"><div class=\"wpb_wrapper\"><div class=\"vc_empty_space\"   style=\"height: 32px\"><span class=\"vc_empty_space_inner\"><\/span><\/div>\n\t<div class=\"wpb_text_column wpb_content_element\" >\n\t\t<div class=\"wpb_wrapper\">\n\t\t\t<h3 id=\"contabilidad\" style=\"font-weight: 400;\"><strong><span style=\"color: #333333;\"><u>ACCOUNTING AND AUDITING<\/u><\/span><\/strong><\/h3>\n<p style=\"font-weight: 400;\"><strong>\u00a0<\/strong><\/p>\n<p class=\"p1\"><strong>Our independence and ability to evaluate the integrity of our clients and their status as a going concern allows us to give an opinion about the reasonableness of their equity, economic and financial situation.<\/strong><\/p>\n<p class=\"p1\"><strong>- Analytical revision of\naccounting account<\/strong><\/p>\n<p class=\"p1\"><strong>-Sugerencias de procedimientos de control interno para preservar la confiabilidad de la informaci\u00f3n contable.<\/strong><\/p>\n<p class=\"p1\"><strong>- Compliance testing of\ninternal control.<\/strong><\/p>\n<p class=\"p1\"><strong>- Evaluation of the assets,\neconomic and financial\nsituation.<\/strong><\/p>\n<p class=\"p1\"><strong>- Comparative analysis of the\ncapital variations.<\/strong><\/p>\n<p class=\"p1\"><strong>- Analysis of financial and\neconomic impacts.<\/strong><\/p>\n<p class=\"p1\"><strong>- Analysis of financial\nstatements.<\/strong><\/p>\n<p class=\"p1\"><strong>-Elaboraci\u00f3n de balance de saldos y reportes mensuales.<\/strong><\/p>\n<p class=\"p1\"><strong>-Presentaci\u00f3n de Estados Contables ante la I.G.J.<\/strong><\/p>\n<p class=\"p1\"><strong>-Confecci\u00f3n y Armado de Estados Contables.<\/strong><\/p>\n<p>&nbsp;<\/p>\n<p class=\"p1\"><span style=\"color: #000000;\"><strong>We specialize in:<\/strong><\/span><\/p>\n<p class=\"p1\"><strong>-Auditing of financial statements \nof national and transnational companies.<\/strong><\/p>\n<p class=\"p1\"><strong>-Auditing of consolidated financial    \u2028         statements.<\/strong><\/p>\n<p class=\"p1\"><strong>-Operational and management auditing.<\/strong><\/p>\n<p class=\"p1\"><strong>-Internal auditing.<\/strong><\/p>\n<p class=\"p1\"><strong>-Auditing with application of local        \u2028       and international accounting standards.<\/strong><\/p>\n\n\t\t<\/div>\n\t<\/div>\n<\/div><\/div><\/div><\/div>","protected":false},"excerpt":{"rendered":"Contabilidad y Auditor\u00eda Data Entry Administrativo Impuestos Recursos Humanos CONTABILIDAD Y AUDITORIA \u00a0 Nuestra independencia y capacidad para evaluar la integridad de nuestros clientes y su condici\u00f3n de empresa en marcha, nos permite dar una opini\u00f3n acerca de la razonabilidad de la situaci\u00f3n patrimonial, econ\u00f3mica y financiera del mismo. -Revisi\u00f3n anal\u00edtica de cuentas contables. -Sugerencias [...]","protected":false},"author":2,"featured_media":7326,"parent":0,"menu_order":1,"comment_status":"closed","ping_status":"closed","template":"","meta":{"footnotes":""},"yoast_head":"<!-- This site is optimized with the Yoast SEO plugin v22.6 - https:\/\/yoast.com\/wordpress\/plugins\/seo\/ -->\n<title>\u226bServicios<\/title>\n<meta name=\"description\" content=\"Contabilidad y Auditocria - Data Entry - Liquidaci\u00f3n de Impuestos - Administraci\u00f3n - Laboral\" \/>\n<meta name=\"robots\" content=\"index, follow, max-snippet:-1, max-image-preview:large, max-video-preview:-1\" \/>\n<link rel=\"canonical\" href=\"https:\/\/emalonso.com.ar\/en\/servicios\/\" \/>\n<meta property=\"og:locale\" content=\"en_GB\" \/>\n<meta property=\"og:type\" content=\"article\" \/>\n<meta property=\"og:title\" content=\"\u226bServicios\" \/>\n<meta property=\"og:description\" content=\"Contabilidad y Auditocria - Data Entry - Liquidaci\u00f3n de Impuestos - Administraci\u00f3n - Laboral\" \/>\n<meta property=\"og:url\" content=\"https:\/\/emalonso.com.ar\/en\/servicios\/\" \/>\n<meta property=\"og:site_name\" content=\"Estudio Miguel Alonso\" \/>\n<meta property=\"article:modified_time\" content=\"2021-03-14T14:36:45+00:00\" \/>\n<meta property=\"og:image\" content=\"https:\/\/emalonso.com.ar\/wp-content\/uploads\/2020\/05\/Disen\u0303o-sin-ti\u0301tulo-56.png\" \/>\n\t<meta property=\"og:image:width\" content=\"500\" \/>\n\t<meta property=\"og:image:height\" content=\"500\" \/>\n\t<meta property=\"og:image:type\" content=\"image\/png\" \/>\n<meta name=\"twitter:card\" content=\"summary_large_image\" \/>\n<meta name=\"twitter:label1\" content=\"Estimated reading time\" \/>\n\t<meta name=\"twitter:data1\" content=\"1 minute\" \/>\n<script type=\"application\/ld+json\" class=\"yoast-schema-graph\">{\"@context\":\"https:\/\/schema.org\",\"@graph\":[{\"@type\":\"WebPage\",\"@id\":\"https:\/\/emalonso.com.ar\/servicios\/\",\"url\":\"https:\/\/emalonso.com.ar\/servicios\/\",\"name\":\"\u226bServicios\",\"isPartOf\":{\"@id\":\"https:\/\/emalonso.com.ar\/#website\"},\"primaryImageOfPage\":{\"@id\":\"https:\/\/emalonso.com.ar\/servicios\/#primaryimage\"},\"image\":{\"@id\":\"https:\/\/emalonso.com.ar\/servicios\/#primaryimage\"},\"thumbnailUrl\":\"https:\/\/emalonso.com.ar\/wp-content\/uploads\/2020\/05\/Disen\u0303o-sin-ti\u0301tulo-56.png\",\"datePublished\":\"2018-02-06T14:23:33+00:00\",\"dateModified\":\"2021-03-14T14:36:45+00:00\",\"description\":\"Contabilidad y Auditocria - Data Entry - Liquidaci\u00f3n de Impuestos - Administraci\u00f3n - Laboral\",\"breadcrumb\":{\"@id\":\"https:\/\/emalonso.com.ar\/servicios\/#breadcrumb\"},\"inLanguage\":\"en-GB\",\"potentialAction\":[{\"@type\":\"ReadAction\",\"target\":[\"https:\/\/emalonso.com.ar\/servicios\/\"]}]},{\"@type\":\"ImageObject\",\"inLanguage\":\"en-GB\",\"@id\":\"https:\/\/emalonso.com.ar\/servicios\/#primaryimage\",\"url\":\"https:\/\/emalonso.com.ar\/wp-content\/uploads\/2020\/05\/Disen\u0303o-sin-ti\u0301tulo-56.png\",\"contentUrl\":\"https:\/\/emalonso.com.ar\/wp-content\/uploads\/2020\/05\/Disen\u0303o-sin-ti\u0301tulo-56.png\",\"width\":500,\"height\":500},{\"@type\":\"BreadcrumbList\",\"@id\":\"https:\/\/emalonso.com.ar\/servicios\/#breadcrumb\",\"itemListElement\":[{\"@type\":\"ListItem\",\"position\":1,\"name\":\"Portada\",\"item\":\"https:\/\/emalonso.com.ar\/\"},{\"@type\":\"ListItem\",\"position\":2,\"name\":\"Servicios\"}]},{\"@type\":\"WebSite\",\"@id\":\"https:\/\/emalonso.com.ar\/#website\",\"url\":\"https:\/\/emalonso.com.ar\/\",\"name\":\"Estudio Miguel Alonso\",\"description\":\"Estudio Contable e Impositivo\",\"publisher\":{\"@id\":\"https:\/\/emalonso.com.ar\/#organization\"},\"potentialAction\":[{\"@type\":\"SearchAction\",\"target\":{\"@type\":\"EntryPoint\",\"urlTemplate\":\"https:\/\/emalonso.com.ar\/?s={search_term_string}\"},\"query-input\":\"required name=search_term_string\"}],\"inLanguage\":\"en-GB\"},{\"@type\":\"Organization\",\"@id\":\"https:\/\/emalonso.com.ar\/#organization\",\"name\":\"Estudio Contable Alonso y Asociados\",\"url\":\"https:\/\/emalonso.com.ar\/\",\"logo\":{\"@type\":\"ImageObject\",\"inLanguage\":\"en-GB\",\"@id\":\"https:\/\/emalonso.com.ar\/#\/schema\/logo\/image\/\",\"url\":\"https:\/\/emalonso.com.ar\/wp-content\/uploads\/2020\/05\/Disen\u0303o-sin-ti\u0301tulo-56.png\",\"contentUrl\":\"https:\/\/emalonso.com.ar\/wp-content\/uploads\/2020\/05\/Disen\u0303o-sin-ti\u0301tulo-56.png\",\"width\":500,\"height\":500,\"caption\":\"Estudio Contable Alonso y Asociados\"},\"image\":{\"@id\":\"https:\/\/emalonso.com.ar\/#\/schema\/logo\/image\/\"}}]}<\/script>\n<!-- \/ Yoast SEO plugin. -->","yoast_head_json":{"title":"\u226bServicios","description":"Contabilidad y Auditocria - Data Entry - Liquidaci\u00f3n de Impuestos - Administraci\u00f3n - Laboral","robots":{"index":"index","follow":"follow","max-snippet":"max-snippet:-1","max-image-preview":"max-image-preview:large","max-video-preview":"max-video-preview:-1"},"canonical":"https:\/\/emalonso.com.ar\/en\/servicios\/","og_locale":"en_GB","og_type":"article","og_title":"\u226bServicios","og_description":"Contabilidad y Auditocria - Data Entry - Liquidaci\u00f3n de Impuestos - Administraci\u00f3n - Laboral","og_url":"https:\/\/emalonso.com.ar\/en\/servicios\/","og_site_name":"Estudio Miguel Alonso","article_modified_time":"2021-03-14T14:36:45+00:00","og_image":[{"width":500,"height":500,"url":"https:\/\/emalonso.com.ar\/wp-content\/uploads\/2020\/05\/Disen\u0303o-sin-ti\u0301tulo-56.png","type":"image\/png"}],"twitter_card":"summary_large_image","twitter_misc":{"Estimated reading time":"1 minute"},"schema":{"@context":"https:\/\/schema.org","@graph":[{"@type":"WebPage","@id":"https:\/\/emalonso.com.ar\/servicios\/","url":"https:\/\/emalonso.com.ar\/servicios\/","name":"\u226bServicios","isPartOf":{"@id":"https:\/\/emalonso.com.ar\/#website"},"primaryImageOfPage":{"@id":"https:\/\/emalonso.com.ar\/servicios\/#primaryimage"},"image":{"@id":"https:\/\/emalonso.com.ar\/servicios\/#primaryimage"},"thumbnailUrl":"https:\/\/emalonso.com.ar\/wp-content\/uploads\/2020\/05\/Disen\u0303o-sin-ti\u0301tulo-56.png","datePublished":"2018-02-06T14:23:33+00:00","dateModified":"2021-03-14T14:36:45+00:00","description":"Contabilidad y Auditocria - Data Entry - Liquidaci\u00f3n de Impuestos - Administraci\u00f3n - Laboral","breadcrumb":{"@id":"https:\/\/emalonso.com.ar\/servicios\/#breadcrumb"},"inLanguage":"en-GB","potentialAction":[{"@type":"ReadAction","target":["https:\/\/emalonso.com.ar\/servicios\/"]}]},{"@type":"ImageObject","inLanguage":"en-GB","@id":"https:\/\/emalonso.com.ar\/servicios\/#primaryimage","url":"https:\/\/emalonso.com.ar\/wp-content\/uploads\/2020\/05\/Disen\u0303o-sin-ti\u0301tulo-56.png","contentUrl":"https:\/\/emalonso.com.ar\/wp-content\/uploads\/2020\/05\/Disen\u0303o-sin-ti\u0301tulo-56.png","width":500,"height":500},{"@type":"BreadcrumbList","@id":"https:\/\/emalonso.com.ar\/servicios\/#breadcrumb","itemListElement":[{"@type":"ListItem","position":1,"name":"Portada","item":"https:\/\/emalonso.com.ar\/"},{"@type":"ListItem","position":2,"name":"Servicios"}]},{"@type":"WebSite","@id":"https:\/\/emalonso.com.ar\/#website","url":"https:\/\/emalonso.com.ar\/","name":"Estudio Miguel Alonso","description":"Accounting and Tax Firm","publisher":{"@id":"https:\/\/emalonso.com.ar\/#organization"},"potentialAction":[{"@type":"SearchAction","target":{"@type":"EntryPoint","urlTemplate":"https:\/\/emalonso.com.ar\/?s={search_term_string}"},"query-input":"required name=search_term_string"}],"inLanguage":"en-GB"},{"@type":"Organization","@id":"https:\/\/emalonso.com.ar\/#organization","name":"Estudio Contable Alonso y Asociados","url":"https:\/\/emalonso.com.ar\/","logo":{"@type":"ImageObject","inLanguage":"en-GB","@id":"https:\/\/emalonso.com.ar\/#\/schema\/logo\/image\/","url":"https:\/\/emalonso.com.ar\/wp-content\/uploads\/2020\/05\/Disen\u0303o-sin-ti\u0301tulo-56.png","contentUrl":"https:\/\/emalonso.com.ar\/wp-content\/uploads\/2020\/05\/Disen\u0303o-sin-ti\u0301tulo-56.png","width":500,"height":500,"caption":"Estudio Contable Alonso y Asociados"},"image":{"@id":"https:\/\/emalonso.com.ar\/#\/schema\/logo\/image\/"}}]}},"_links":{"self":[{"href":"https:\/\/emalonso.com.ar\/en\/wp-json\/wp\/v2\/pages\/6295"}],"collection":[{"href":"https:\/\/emalonso.com.ar\/en\/wp-json\/wp\/v2\/pages"}],"about":[{"href":"https:\/\/emalonso.com.ar\/en\/wp-json\/wp\/v2\/types\/page"}],"author":[{"embeddable":true,"href":"https:\/\/emalonso.com.ar\/en\/wp-json\/wp\/v2\/users\/2"}],"replies":[{"embeddable":true,"href":"https:\/\/emalonso.com.ar\/en\/wp-json\/wp\/v2\/comments?post=6295"}],"version-history":[{"count":4,"href":"https:\/\/emalonso.com.ar\/en\/wp-json\/wp\/v2\/pages\/6295\/revisions"}],"predecessor-version":[{"id":7529,"href":"https:\/\/emalonso.com.ar\/en\/wp-json\/wp\/v2\/pages\/6295\/revisions\/7529"}],"wp:featuredmedia":[{"embeddable":true,"href":"https:\/\/emalonso.com.ar\/en\/wp-json\/wp\/v2\/media\/7326"}],"wp:attachment":[{"href":"https:\/\/emalonso.com.ar\/en\/wp-json\/wp\/v2\/media?parent=6295"}],"curies":[{"name":"wp","href":"https:\/\/api.w.org\/{rel}","templated":true}]}}