{"id":6193,"date":"2017-12-22T10:34:35","date_gmt":"2017-12-22T10:34:35","guid":{"rendered":"https:\/\/modeltheme.com\/mt_bellavita\/?page_id=6193"},"modified":"2023-09-23T11:37:50","modified_gmt":"2023-09-23T14:37:50","slug":"nosotros","status":"publish","type":"page","link":"https:\/\/emalonso.com.ar\/en\/nosotros\/","title":{"rendered":"About us"},"content":{"rendered":"<div class=\"vc_row wpb_row vc_row-fluid\"><div class=\"wpb_column vc_column_container vc_col-sm-12\"><div class=\"vc_column-inner\"><div class=\"wpb_wrapper\"><div class=\"vc_empty_space\"   style=\"height: 32px\"><span class=\"vc_empty_space_inner\"><\/span><\/div>\n\t<div class=\"wpb_text_column wpb_content_element\" >\n\t\t<div class=\"wpb_wrapper\">\n\t\t\t<h4><\/h4>\n<h2>About Us:<\/h2>\n<p style=\"font-weight: 400;\">Estudio Miguel Alonso, en su larga trayectoria, desde el a\u00f1o 1992, les presenta su equipo de trabajo compuesto por j\u00f3venes profesionales en constante formaci\u00f3n y entrenamiento.<\/p>\n<p>Contador publico nacional recibido en la universidad cat\u00f3lica Argentina , matriculado en el CPCECABA \u00a0T176 F3<\/p>\n\n\t\t<\/div>\n\t<\/div>\n<\/div><\/div><\/div><\/div><div class=\"vc_row wpb_row vc_row-fluid\"><div class=\"wpb_column vc_column_container vc_col-sm-4\"><div class=\"vc_column-inner\"><div class=\"wpb_wrapper\">\n\t<div class=\"wpb_text_column wpb_content_element\" >\n\t\t<div class=\"wpb_wrapper\">\n\t\t\t<h2>Vision:<\/h2>\n<p style=\"font-weight: 400;\">We are convinced that a lasting\nprofessional relationship is\nachieved by becoming an active\nand committed part of the\ncompany.<\/p>\n<p>&nbsp;<\/p>\n<h2>Our Mision:<\/h2>\n<p style=\"font-weight: 400;\">Through our experience, we\nprovide comprehensive advice\nand solutions with commitment\nand effort. We accompany\ncompanies in consolidating their foundations to grow appropriately.<\/p>\n<p style=\"font-weight: 400;\">Our professional bond translates\ninto permanent work with our\nclient, gaining knowledge of their\nproblems and needs that arise\ndaily.<\/p>\n<p>&nbsp;<\/p>\n<p><a href=\"https:\/\/emalonso.com.ar\/wp-content\/uploads\/2023\/09\/Logo-200px.png\"><img decoding=\"async\" loading=\"lazy\" class=\"alignnone wp-image-8095\" src=\"https:\/\/emalonso.com.ar\/wp-content\/uploads\/2023\/09\/Logo-200px-300x133.png\" alt=\"\" width=\"203\" height=\"90\" srcset=\"https:\/\/emalonso.com.ar\/wp-content\/uploads\/2023\/09\/Logo-200px-300x133.png 300w, https:\/\/emalonso.com.ar\/wp-content\/uploads\/2023\/09\/Logo-200px-18x8.png 18w, https:\/\/emalonso.com.ar\/wp-content\/uploads\/2023\/09\/Logo-200px.png 450w\" sizes=\"(max-width: 203px) 100vw, 203px\" \/><\/a><\/p>\n\n\t\t<\/div>\n\t<\/div>\n<div class=\"vc_empty_space\"   style=\"height: 32px\"><span class=\"vc_empty_space_inner\"><\/span><\/div><div class=\"vc_btn3-container  wpb_animate_when_almost_visible wpb_fadeInDown fadeInDown vc_btn3-inline\" ><a class=\"vc_general vc_btn3 vc_btn3-size-md vc_btn3-shape-rounded vc_btn3-style-modern vc_btn3-color-warning\" href=\"https:\/\/emalonso.com.ar\/en\/contacto\/\" title=\"Contact US\" target=\"_blank\">+ information<\/a><\/div><\/div><\/div><\/div><div class=\"wpb_column vc_column_container vc_col-sm-8\"><div class=\"vc_column-inner\"><div class=\"wpb_wrapper\">\n\t<div  class=\"wpb_single_image wpb_content_element vc_align_center\">\n\t\t\n\t\t<figure class=\"wpb_wrapper vc_figure\">\n\t\t\t<div class=\"vc_single_image-wrapper   vc_box_border_grey\"><img width=\"1200\" height=\"800\" src=\"https:\/\/emalonso.com.ar\/wp-content\/uploads\/2021\/02\/10.jpg\" class=\"vc_single_image-img attachment-full\" alt=\"Estudio Contable Buenos Aires\" decoding=\"async\" loading=\"lazy\" srcset=\"https:\/\/emalonso.com.ar\/wp-content\/uploads\/2021\/02\/10.jpg 1200w, https:\/\/emalonso.com.ar\/wp-content\/uploads\/2021\/02\/10-300x200.jpg 300w, https:\/\/emalonso.com.ar\/wp-content\/uploads\/2021\/02\/10-1024x683.jpg 1024w, https:\/\/emalonso.com.ar\/wp-content\/uploads\/2021\/02\/10-768x512.jpg 768w, https:\/\/emalonso.com.ar\/wp-content\/uploads\/2021\/02\/10-16x12.jpg 16w\" sizes=\"(max-width: 1200px) 100vw, 1200px\" \/><\/div>\n\t\t<\/figure>\n\t<\/div>\n<\/div><\/div><\/div><\/div>","protected":false},"excerpt":{"rendered":"Nosotros: Estudio Miguel Alonso, en su larga trayectoria, desde el a\u00f1o 1992, les presenta su equipo de trabajo compuesto por j\u00f3venes profesionales en constante formaci\u00f3n y entrenamiento. Contador publico nacional recibido en la universidad cat\u00f3lica Argentina , matriculado en el CPCECABA \u00a0T176 F3 Visi\u00f3n: Estamos convencidos que una relaci\u00f3n profesional duradera se logra constituy\u00e9ndonos en [...]","protected":false},"author":2,"featured_media":0,"parent":0,"menu_order":0,"comment_status":"closed","ping_status":"closed","template":"","meta":{"footnotes":""},"yoast_head":"<!-- This site is optimized with the Yoast SEO plugin v22.6 - https:\/\/yoast.com\/wordpress\/plugins\/seo\/ -->\n<title>\u226bNosotros<\/title>\n<meta name=\"description\" content=\"Estudio Contable Miguel Alonso, en su larga trayectoria, desde el a\u00f1o 1992, les presenta su equipo de trabajo compuesto por j\u00f3venes profesionales en constante formaci\u00f3n y entrenamiento.\" \/>\n<meta name=\"robots\" content=\"noindex, nofollow\" \/>\n<meta property=\"og:locale\" content=\"en_GB\" \/>\n<meta property=\"og:type\" content=\"article\" \/>\n<meta property=\"og:title\" content=\"\u226bNosotros\" \/>\n<meta property=\"og:description\" content=\"Estudio Contable Miguel Alonso, en su larga trayectoria, desde el a\u00f1o 1992, les presenta su equipo de trabajo compuesto por j\u00f3venes profesionales en constante formaci\u00f3n y entrenamiento.\" \/>\n<meta property=\"og:url\" content=\"https:\/\/emalonso.com.ar\/en\/nosotros\/\" \/>\n<meta property=\"og:site_name\" content=\"Estudio Miguel Alonso\" \/>\n<meta property=\"article:modified_time\" content=\"2023-09-23T14:37:50+00:00\" \/>\n<meta property=\"og:image\" content=\"https:\/\/emalonso.com.ar\/wp-content\/uploads\/2023\/09\/Logo-200px-300x133.png\" \/>\n<meta name=\"twitter:card\" content=\"summary_large_image\" \/>\n<meta name=\"twitter:label1\" content=\"Estimated reading time\" \/>\n\t<meta name=\"twitter:data1\" content=\"1 minute\" \/>\n<script type=\"application\/ld+json\" class=\"yoast-schema-graph\">{\"@context\":\"https:\/\/schema.org\",\"@graph\":[{\"@type\":\"WebPage\",\"@id\":\"https:\/\/emalonso.com.ar\/nosotros\/\",\"url\":\"https:\/\/emalonso.com.ar\/nosotros\/\",\"name\":\"\u226bNosotros\",\"isPartOf\":{\"@id\":\"https:\/\/emalonso.com.ar\/#website\"},\"primaryImageOfPage\":{\"@id\":\"https:\/\/emalonso.com.ar\/nosotros\/#primaryimage\"},\"image\":{\"@id\":\"https:\/\/emalonso.com.ar\/nosotros\/#primaryimage\"},\"thumbnailUrl\":\"https:\/\/emalonso.com.ar\/wp-content\/uploads\/2023\/09\/Logo-200px-300x133.png\",\"datePublished\":\"2017-12-22T10:34:35+00:00\",\"dateModified\":\"2023-09-23T14:37:50+00:00\",\"description\":\"Estudio Contable Miguel Alonso, en su larga trayectoria, desde el a\u00f1o 1992, les presenta su equipo de trabajo compuesto por j\u00f3venes profesionales en constante formaci\u00f3n y entrenamiento.\",\"breadcrumb\":{\"@id\":\"https:\/\/emalonso.com.ar\/nosotros\/#breadcrumb\"},\"inLanguage\":\"en-GB\",\"potentialAction\":[{\"@type\":\"ReadAction\",\"target\":[\"https:\/\/emalonso.com.ar\/nosotros\/\"]}]},{\"@type\":\"ImageObject\",\"inLanguage\":\"en-GB\",\"@id\":\"https:\/\/emalonso.com.ar\/nosotros\/#primaryimage\",\"url\":\"https:\/\/emalonso.com.ar\/wp-content\/uploads\/2023\/09\/Logo-200px-300x133.png\",\"contentUrl\":\"https:\/\/emalonso.com.ar\/wp-content\/uploads\/2023\/09\/Logo-200px-300x133.png\"},{\"@type\":\"BreadcrumbList\",\"@id\":\"https:\/\/emalonso.com.ar\/nosotros\/#breadcrumb\",\"itemListElement\":[{\"@type\":\"ListItem\",\"position\":1,\"name\":\"Portada\",\"item\":\"https:\/\/emalonso.com.ar\/\"},{\"@type\":\"ListItem\",\"position\":2,\"name\":\"Nosotros\"}]},{\"@type\":\"WebSite\",\"@id\":\"https:\/\/emalonso.com.ar\/#website\",\"url\":\"https:\/\/emalonso.com.ar\/\",\"name\":\"Estudio Miguel Alonso\",\"description\":\"Estudio Contable e Impositivo\",\"publisher\":{\"@id\":\"https:\/\/emalonso.com.ar\/#organization\"},\"potentialAction\":[{\"@type\":\"SearchAction\",\"target\":{\"@type\":\"EntryPoint\",\"urlTemplate\":\"https:\/\/emalonso.com.ar\/?s={search_term_string}\"},\"query-input\":\"required name=search_term_string\"}],\"inLanguage\":\"en-GB\"},{\"@type\":\"Organization\",\"@id\":\"https:\/\/emalonso.com.ar\/#organization\",\"name\":\"Estudio Contable Alonso y Asociados\",\"url\":\"https:\/\/emalonso.com.ar\/\",\"logo\":{\"@type\":\"ImageObject\",\"inLanguage\":\"en-GB\",\"@id\":\"https:\/\/emalonso.com.ar\/#\/schema\/logo\/image\/\",\"url\":\"https:\/\/emalonso.com.ar\/wp-content\/uploads\/2020\/05\/Disen\u0303o-sin-ti\u0301tulo-56.png\",\"contentUrl\":\"https:\/\/emalonso.com.ar\/wp-content\/uploads\/2020\/05\/Disen\u0303o-sin-ti\u0301tulo-56.png\",\"width\":500,\"height\":500,\"caption\":\"Estudio Contable Alonso y Asociados\"},\"image\":{\"@id\":\"https:\/\/emalonso.com.ar\/#\/schema\/logo\/image\/\"}}]}<\/script>\n<!-- \/ Yoast SEO plugin. -->","yoast_head_json":{"title":"\u226bNosotros","description":"Estudio Contable Miguel Alonso, en su larga trayectoria, desde el a\u00f1o 1992, les presenta su equipo de trabajo compuesto por j\u00f3venes profesionales en constante formaci\u00f3n y entrenamiento.","robots":{"index":"noindex","follow":"nofollow"},"og_locale":"en_GB","og_type":"article","og_title":"\u226bNosotros","og_description":"Estudio Contable Miguel Alonso, en su larga trayectoria, desde el a\u00f1o 1992, les presenta su equipo de trabajo compuesto por j\u00f3venes profesionales en constante formaci\u00f3n y entrenamiento.","og_url":"https:\/\/emalonso.com.ar\/en\/nosotros\/","og_site_name":"Estudio Miguel Alonso","article_modified_time":"2023-09-23T14:37:50+00:00","og_image":[{"url":"https:\/\/emalonso.com.ar\/wp-content\/uploads\/2023\/09\/Logo-200px-300x133.png"}],"twitter_card":"summary_large_image","twitter_misc":{"Estimated reading time":"1 minute"},"schema":{"@context":"https:\/\/schema.org","@graph":[{"@type":"WebPage","@id":"https:\/\/emalonso.com.ar\/nosotros\/","url":"https:\/\/emalonso.com.ar\/nosotros\/","name":"\u226bNosotros","isPartOf":{"@id":"https:\/\/emalonso.com.ar\/#website"},"primaryImageOfPage":{"@id":"https:\/\/emalonso.com.ar\/nosotros\/#primaryimage"},"image":{"@id":"https:\/\/emalonso.com.ar\/nosotros\/#primaryimage"},"thumbnailUrl":"https:\/\/emalonso.com.ar\/wp-content\/uploads\/2023\/09\/Logo-200px-300x133.png","datePublished":"2017-12-22T10:34:35+00:00","dateModified":"2023-09-23T14:37:50+00:00","description":"Estudio Contable Miguel Alonso, en su larga trayectoria, desde el a\u00f1o 1992, les presenta su equipo de trabajo compuesto por j\u00f3venes profesionales en constante formaci\u00f3n y entrenamiento.","breadcrumb":{"@id":"https:\/\/emalonso.com.ar\/nosotros\/#breadcrumb"},"inLanguage":"en-GB","potentialAction":[{"@type":"ReadAction","target":["https:\/\/emalonso.com.ar\/nosotros\/"]}]},{"@type":"ImageObject","inLanguage":"en-GB","@id":"https:\/\/emalonso.com.ar\/nosotros\/#primaryimage","url":"https:\/\/emalonso.com.ar\/wp-content\/uploads\/2023\/09\/Logo-200px-300x133.png","contentUrl":"https:\/\/emalonso.com.ar\/wp-content\/uploads\/2023\/09\/Logo-200px-300x133.png"},{"@type":"BreadcrumbList","@id":"https:\/\/emalonso.com.ar\/nosotros\/#breadcrumb","itemListElement":[{"@type":"ListItem","position":1,"name":"Portada","item":"https:\/\/emalonso.com.ar\/"},{"@type":"ListItem","position":2,"name":"Nosotros"}]},{"@type":"WebSite","@id":"https:\/\/emalonso.com.ar\/#website","url":"https:\/\/emalonso.com.ar\/","name":"Estudio Miguel Alonso","description":"Accounting and Tax Firm","publisher":{"@id":"https:\/\/emalonso.com.ar\/#organization"},"potentialAction":[{"@type":"SearchAction","target":{"@type":"EntryPoint","urlTemplate":"https:\/\/emalonso.com.ar\/?s={search_term_string}"},"query-input":"required name=search_term_string"}],"inLanguage":"en-GB"},{"@type":"Organization","@id":"https:\/\/emalonso.com.ar\/#organization","name":"Estudio Contable Alonso y Asociados","url":"https:\/\/emalonso.com.ar\/","logo":{"@type":"ImageObject","inLanguage":"en-GB","@id":"https:\/\/emalonso.com.ar\/#\/schema\/logo\/image\/","url":"https:\/\/emalonso.com.ar\/wp-content\/uploads\/2020\/05\/Disen\u0303o-sin-ti\u0301tulo-56.png","contentUrl":"https:\/\/emalonso.com.ar\/wp-content\/uploads\/2020\/05\/Disen\u0303o-sin-ti\u0301tulo-56.png","width":500,"height":500,"caption":"Estudio Contable Alonso y Asociados"},"image":{"@id":"https:\/\/emalonso.com.ar\/#\/schema\/logo\/image\/"}}]}},"_links":{"self":[{"href":"https:\/\/emalonso.com.ar\/en\/wp-json\/wp\/v2\/pages\/6193"}],"collection":[{"href":"https:\/\/emalonso.com.ar\/en\/wp-json\/wp\/v2\/pages"}],"about":[{"href":"https:\/\/emalonso.com.ar\/en\/wp-json\/wp\/v2\/types\/page"}],"author":[{"embeddable":true,"href":"https:\/\/emalonso.com.ar\/en\/wp-json\/wp\/v2\/users\/2"}],"replies":[{"embeddable":true,"href":"https:\/\/emalonso.com.ar\/en\/wp-json\/wp\/v2\/comments?post=6193"}],"version-history":[{"count":2,"href":"https:\/\/emalonso.com.ar\/en\/wp-json\/wp\/v2\/pages\/6193\/revisions"}],"predecessor-version":[{"id":8102,"href":"https:\/\/emalonso.com.ar\/en\/wp-json\/wp\/v2\/pages\/6193\/revisions\/8102"}],"wp:attachment":[{"href":"https:\/\/emalonso.com.ar\/en\/wp-json\/wp\/v2\/media?parent=6193"}],"curies":[{"name":"wp","href":"https:\/\/api.w.org\/{rel}","templated":true}]}}